{"id":664,"date":"2017-07-12T10:09:56","date_gmt":"2017-07-12T14:09:56","guid":{"rendered":"https:\/\/quatrecpa.com\/mathieu-bernier\/"},"modified":"2024-12-16T09:11:59","modified_gmt":"2024-12-16T14:11:59","slug":"mathieu-bernier","status":"publish","type":"page","link":"https:\/\/quatrecpa.com\/en\/mathieu-bernier\/","title":{"rendered":"Mathieu Bernier"},"content":{"rendered":"<p>[vc_row row_type=&#8221;parallax&#8221; parallax_content_width=&#8221;full_width&#8221; text_align=&#8221;left&#8221; background_image=&#8221;261&#8243; full_screen_section_height=&#8221;no&#8221; parallax_speed=&#8221;4&#8243;][vc_column css=&#8221;.vc_custom_1499871995475{padding-right: 5% !important;padding-left: 5% !important;}&#8221;][vc_separator type=&#8221;transparent&#8221; up=&#8221;100&#8243;][vc_row_inner row_type=&#8221;row&#8221; type=&#8221;full_width&#8221; text_align=&#8221;left&#8221; css_animation=&#8221;&#8221;][vc_column_inner width=&#8221;2\/3&#8243;][vc_column_text]<\/p>\n<h1 style=\"text-align: left; color: #2d98d0;\">Mathieu Bernier<\/h1>\n<h5 style=\"text-align: left; color: #2d98d0;\">CPA auditor, CA<\/h5>\n<p style=\"text-align: left; color: #2d98d0;\"><a href=\"mailto:mbernier@quatrecpa.ca\">mbernier@quatrecpa.ca<\/a><\/p>\n<p>[\/vc_column_text][vc_separator type=&#8221;transparent&#8221; up=&#8221;10&#8243;][vc_column_text]Mathieu Bernier, CPA Auditor, CA, has a great deal of experience mainly in the completion of assurance mandates for public, parapublic, non-profit and charitable organisations, as well as cooperatives, workers&#8217; associations and businesses.<\/p>\n<p>&nbsp;<\/p>\n<p>With his commitment to customer service in mind, Mathieu spends time understanding the operations and assessing the operational risks for his clients. His versatility and analytical ability allow him to offer solutions that are adapted to his clients\u2019 situation.<\/p>\n<p>&nbsp;<\/p>\n<p>As part of 4CPA, Mathieu is responsible for any aspect that is related to the accounting professional practice. This means he has to ensure that the firm&#8217;s experts comply with the established accounting and assurance standards and that they receive the necessary training to be informed of the latest developments and changes that have an impact on the accounting profession.[\/vc_column_text][vc_separator type=&#8221;transparent&#8221; up=&#8221;10&#8243;][\/vc_column_inner][vc_column_inner width=&#8221;1\/3&#8243;][vc_single_image image=&#8221;834&#8243; img_size=&#8221;full&#8221; alignment=&#8221;center&#8221; qode_css_animation=&#8221;&#8221;][\/vc_column_inner][\/vc_row_inner][\/vc_column][\/vc_row][vc_row css_animation=&#8221;&#8221; row_type=&#8221;row&#8221; use_row_as_full_screen_section=&#8221;no&#8221; type=&#8221;full_width&#8221; angled_section=&#8221;no&#8221; text_align=&#8221;left&#8221; background_image_as_pattern=&#8221;without_pattern&#8221; background_color=&#8221;#f4f4f4&#8243;][vc_column][vc_separator type=&#8221;normal&#8221; color=&#8221;#e8e8e8&#8243; transparency=&#8221;1&#8243; thickness=&#8221;1&#8243; up=&#8221;0&#8243; down=&#8221;0&#8243;][vc_row_inner row_type=&#8221;row&#8221; type=&#8221;full_width&#8221; text_align=&#8221;left&#8221; padding_top=&#8221;100&#8243; css_animation=&#8221;&#8221; css=&#8221;.vc_custom_1499797449939{padding-right: 5% !important;padding-left: 5% !important;}&#8221;][vc_column_inner][vc_column_text]<\/p>\n<h2 class=\"p1\"><span class=\"s1\">Education &amp; Training<\/span><\/h2>\n<p>[\/vc_column_text][vc_separator type=&#8221;transparent&#8221; up=&#8221;10&#8243;][\/vc_column_inner][\/vc_row_inner][vc_row_inner row_type=&#8221;row&#8221; type=&#8221;full_width&#8221; text_align=&#8221;left&#8221; padding_bottom=&#8221;100&#8243; css_animation=&#8221;&#8221; css=&#8221;.vc_custom_1499797456418{padding-right: 5% !important;padding-left: 5% !important;}&#8221;][vc_column_inner width=&#8221;2\/3&#8243;][vc_column_text]Mathieu holds a Bachelor&#8217;s degree in Accounting and a diploma in Accounting Studies from Universit\u00e9 du Qu\u00e9bec en Outaouais. He is also a Chartered Professional Accountant (CPA auditor, CA) and has a public accountancy permit.[\/vc_column_text][vc_separator type=&#8221;transparent&#8221; up=&#8221;10&#8243;][\/vc_column_inner][vc_column_inner width=&#8221;1\/3&#8243;][\/vc_column_inner][\/vc_row_inner][\/vc_column][\/vc_row][vc_row css_animation=&#8221;&#8221; row_type=&#8221;row&#8221; use_row_as_full_screen_section=&#8221;no&#8221; type=&#8221;full_width&#8221; angled_section=&#8221;no&#8221; text_align=&#8221;left&#8221; background_image_as_pattern=&#8221;without_pattern&#8221;][vc_column][vc_separator type=&#8221;normal&#8221; color=&#8221;#e8e8e8&#8243; transparency=&#8221;1&#8243; thickness=&#8221;1&#8243; up=&#8221;0&#8243; down=&#8221;0&#8243;][vc_row_inner row_type=&#8221;row&#8221; type=&#8221;full_width&#8221; text_align=&#8221;left&#8221; padding_top=&#8221;100&#8243; css_animation=&#8221;&#8221; css=&#8221;.vc_custom_1499797449939{padding-right: 5% !important;padding-left: 5% !important;}&#8221;][vc_column_inner][vc_column_text]<\/p>\n<h2 class=\"p1\"><span class=\"s1\">Community Involvement<\/span><\/h2>\n<p>[\/vc_column_text][vc_separator type=&#8221;transparent&#8221; up=&#8221;10&#8243;][\/vc_column_inner][\/vc_row_inner][vc_row_inner row_type=&#8221;row&#8221; type=&#8221;full_width&#8221; text_align=&#8221;left&#8221; padding_bottom=&#8221;100&#8243; css_animation=&#8221;&#8221; css=&#8221;.vc_custom_1499797456418{padding-right: 5% !important;padding-left: 5% !important;}&#8221;][vc_column_inner width=&#8221;2\/3&#8243;][vc_column_text]Mathieu is an active member in his community as he has participated in training sessions for boards of directors\u2019 members working in the area of affordable housing.[\/vc_column_text][vc_separator type=&#8221;transparent&#8221; up=&#8221;10&#8243;][\/vc_column_inner][vc_column_inner width=&#8221;1\/3&#8243;][\/vc_column_inner][\/vc_row_inner][\/vc_column][\/vc_row][vc_row css_animation=&#8221;&#8221; row_type=&#8221;row&#8221; use_row_as_full_screen_section=&#8221;no&#8221; type=&#8221;full_width&#8221; angled_section=&#8221;no&#8221; text_align=&#8221;left&#8221; background_image_as_pattern=&#8221;without_pattern&#8221; background_color=&#8221;#f4f4f4&#8243;][vc_column][vc_separator type=&#8221;normal&#8221; color=&#8221;#e8e8e8&#8243; transparency=&#8221;1&#8243; thickness=&#8221;1&#8243; up=&#8221;0&#8243; down=&#8221;0&#8243;][vc_row_inner row_type=&#8221;row&#8221; type=&#8221;full_width&#8221; text_align=&#8221;left&#8221; padding_top=&#8221;100&#8243; css_animation=&#8221;&#8221; css=&#8221;.vc_custom_1499797449939{padding-right: 5% !important;padding-left: 5% !important;}&#8221;][vc_column_inner][vc_column_text]<\/p>\n<h2 class=\"p1\"><span class=\"s1\">Professional Affiliation<\/span><\/h2>\n<p>[\/vc_column_text][vc_separator type=&#8221;transparent&#8221; up=&#8221;10&#8243;][\/vc_column_inner][\/vc_row_inner][vc_row_inner row_type=&#8221;row&#8221; type=&#8221;full_width&#8221; text_align=&#8221;left&#8221; padding_bottom=&#8221;100&#8243; css_animation=&#8221;&#8221; css=&#8221;.vc_custom_1499797456418{padding-right: 5% !important;padding-left: 5% !important;}&#8221;][vc_column_inner width=&#8221;2\/3&#8243;][vc_column_text]Mathieu is a member of both the Quebec Chartered Professional Accountants Order and the CPA Canada.[\/vc_column_text][vc_separator type=&#8221;transparent&#8221; up=&#8221;10&#8243;][\/vc_column_inner][vc_column_inner width=&#8221;1\/3&#8243;][\/vc_column_inner][\/vc_row_inner][\/vc_column][\/vc_row][vc_row css_animation=&#8221;&#8221; row_type=&#8221;row&#8221; use_row_as_full_screen_section=&#8221;no&#8221; type=&#8221;full_width&#8221; angled_section=&#8221;no&#8221; text_align=&#8221;center&#8221; background_image_as_pattern=&#8221;without_pattern&#8221; padding_bottom=&#8221;0&#8243;][vc_column][vc_separator type=&#8221;normal&#8221; color=&#8221;#e8e8e8&#8243; transparency=&#8221;1&#8243; thickness=&#8221;1&#8243; up=&#8221;0&#8243; down=&#8221;0&#8243;][vc_row_inner row_type=&#8221;row&#8221; type=&#8221;full_width&#8221; text_align=&#8221;center&#8221; padding_top=&#8221;100&#8243; padding_bottom=&#8221;0&#8243; css_animation=&#8221;&#8221; css=&#8221;.vc_custom_1499777082241{padding-right: 5% !important;padding-left: 5% !important;}&#8221;][vc_column_inner width=&#8221;1\/4&#8243;][\/vc_column_inner][vc_column_inner width=&#8221;1\/4&#8243;]<div class='image_hover hovered' style='' data-transition-delay='3000'><div class='images_holder'><a itemprop='url' href='\/en\/matthieu-gagnon' target='_self'><img itemprop='image' class='active_image ' src='https:\/\/quatrecpa.com\/wp-content\/uploads\/2023\/07\/4CPA_Team_MG_01.jpg' alt='' style='' \/><img itemprop='image' class='hover_image' src='https:\/\/quatrecpa.com\/wp-content\/uploads\/2023\/07\/4CPA_Team_MG_02_EN.jpg' alt='' style='' \/><\/a><\/div><\/div>[\/vc_column_inner][vc_column_inner width=&#8221;1\/4&#8243;]<div class='image_hover hovered' style='' data-transition-delay='3000'><div class='images_holder'><a itemprop='url' href='\/en\/pierre-yves-lemieux\/' target='_self'><img itemprop='image' class='active_image ' src='https:\/\/quatrecpa.com\/wp-content\/uploads\/2023\/07\/4CPA_Team_PY_01.jpg' alt='' style='' \/><img itemprop='image' class='hover_image' src='https:\/\/quatrecpa.com\/wp-content\/uploads\/2023\/07\/4CPA_Team_PY_02_EN.jpg' alt='' style='' \/><\/a><\/div><\/div>[\/vc_column_inner][vc_column_inner width=&#8221;1\/4&#8243;][\/vc_column_inner][\/vc_row_inner][\/vc_column][\/vc_row]<\/p>\n","protected":false},"excerpt":{"rendered":"<p>[vc_row row_type=&#8221;parallax&#8221; parallax_content_width=&#8221;full_width&#8221; text_align=&#8221;left&#8221; background_image=&#8221;261&#8243; full_screen_section_height=&#8221;no&#8221; parallax_speed=&#8221;4&#8243;][vc_column css=&#8221;.vc_custom_1499871995475{padding-right: 5% !important;padding-left: 5% !important;}&#8221;][vc_separator type=&#8221;transparent&#8221; up=&#8221;100&#8243;][vc_row_inner row_type=&#8221;row&#8221; type=&#8221;full_width&#8221; text_align=&#8221;left&#8221; css_animation=&#8221;&#8221;][vc_column_inner width=&#8221;2\/3&#8243;][vc_column_text] Mathieu Bernier CPA auditor, CA mbernier@quatrecpa.ca [\/vc_column_text][vc_separator type=&#8221;transparent&#8221; up=&#8221;10&#8243;][vc_column_text]Mathieu Bernier, CPA Auditor, CA, has a great deal of experience mainly in the completion of assurance mandates&#8230;<\/p>\n","protected":false},"author":1,"featured_media":0,"parent":0,"menu_order":0,"comment_status":"closed","ping_status":"closed","template":"full_width.php","meta":{"_exactmetrics_skip_tracking":false,"_exactmetrics_sitenote_active":false,"_exactmetrics_sitenote_note":"","_exactmetrics_sitenote_category":0,"footnotes":""},"class_list":["post-664","page","type-page","status-publish","hentry"],"yoast_head":"<!-- This site is optimized with the Yoast SEO plugin v27.4 - https:\/\/yoast.com\/product\/yoast-seo-wordpress\/ -->\n<title>Mathieu Bernier - 4CPA | Society of Professional Chartered Accountants<\/title>\n<meta name=\"description\" content=\"Mathieu Bernier, CPA auditor, CA, has extensive experience, mainly in carrying out certification mandates after public bodies.\" \/>\n<meta name=\"robots\" content=\"index, follow, max-snippet:-1, max-image-preview:large, max-video-preview:-1\" \/>\n<link rel=\"canonical\" href=\"https:\/\/quatrecpa.com\/en\/mathieu-bernier\/\" \/>\n<meta property=\"og:locale\" content=\"en_US\" \/>\n<meta property=\"og:type\" content=\"article\" \/>\n<meta property=\"og:title\" content=\"Mathieu Bernier - 4CPA | Soci\u00e9t\u00e9 de comptables professionnels agr\u00e9\u00e9s | Gatineau\" \/>\n<meta property=\"og:description\" content=\"Mathieu Bernier, CPA auditeur, CA, poss\u00e8de une vaste exp\u00e9rience, principalement dans la r\u00e9alisation de mandats de certification apr\u00e8s d\u2019organismes publics.\" \/>\n<meta property=\"og:url\" content=\"https:\/\/quatrecpa.com\/en\/mathieu-bernier\/\" \/>\n<meta property=\"og:site_name\" content=\"Quatre CPA\" \/>\n<meta property=\"article:modified_time\" content=\"2024-12-16T14:11:59+00:00\" \/>\n<meta property=\"og:image\" content=\"https:\/\/quatrecpa.com\/wp-content\/uploads\/2017\/05\/quatre_cpa_media.jpg\" \/>\n\t<meta property=\"og:image:width\" content=\"1200\" \/>\n\t<meta property=\"og:image:height\" content=\"630\" \/>\n\t<meta property=\"og:image:type\" content=\"image\/jpeg\" \/>\n<meta name=\"twitter:card\" content=\"summary_large_image\" \/>\n<meta name=\"twitter:label1\" content=\"Est. reading time\" \/>\n\t<meta name=\"twitter:data1\" content=\"4 minutes\" \/>\n<script type=\"application\/ld+json\" class=\"yoast-schema-graph\">{\"@context\":\"https:\\\/\\\/schema.org\",\"@graph\":[{\"@type\":\"WebPage\",\"@id\":\"https:\\\/\\\/quatrecpa.com\\\/en\\\/mathieu-bernier\\\/\",\"url\":\"https:\\\/\\\/quatrecpa.com\\\/en\\\/mathieu-bernier\\\/\",\"name\":\"Mathieu Bernier - 4CPA | Society of Professional Chartered Accountants\",\"isPartOf\":{\"@id\":\"https:\\\/\\\/quatrecpa.com\\\/en\\\/#website\"},\"datePublished\":\"2017-07-12T14:09:56+00:00\",\"dateModified\":\"2024-12-16T14:11:59+00:00\",\"description\":\"Mathieu Bernier, CPA auditor, CA, has extensive experience, mainly in carrying out certification mandates after public bodies.\",\"breadcrumb\":{\"@id\":\"https:\\\/\\\/quatrecpa.com\\\/en\\\/mathieu-bernier\\\/#breadcrumb\"},\"inLanguage\":\"en-US\",\"potentialAction\":[{\"@type\":\"ReadAction\",\"target\":[\"https:\\\/\\\/quatrecpa.com\\\/en\\\/mathieu-bernier\\\/\"]}]},{\"@type\":\"BreadcrumbList\",\"@id\":\"https:\\\/\\\/quatrecpa.com\\\/en\\\/mathieu-bernier\\\/#breadcrumb\",\"itemListElement\":[{\"@type\":\"ListItem\",\"position\":1,\"name\":\"Home\",\"item\":\"https:\\\/\\\/quatrecpa.com\\\/en\\\/\"},{\"@type\":\"ListItem\",\"position\":2,\"name\":\"Mathieu Bernier\"}]},{\"@type\":\"WebSite\",\"@id\":\"https:\\\/\\\/quatrecpa.com\\\/en\\\/#website\",\"url\":\"https:\\\/\\\/quatrecpa.com\\\/en\\\/\",\"name\":\"Quatre CPA\",\"description\":\"Soci\u00e9t\u00e9 de comptables professionnels agr\u00e9\u00e9s\",\"publisher\":{\"@id\":\"https:\\\/\\\/quatrecpa.com\\\/en\\\/#organization\"},\"potentialAction\":[{\"@type\":\"SearchAction\",\"target\":{\"@type\":\"EntryPoint\",\"urlTemplate\":\"https:\\\/\\\/quatrecpa.com\\\/en\\\/?s={search_term_string}\"},\"query-input\":{\"@type\":\"PropertyValueSpecification\",\"valueRequired\":true,\"valueName\":\"search_term_string\"}}],\"inLanguage\":\"en-US\"},{\"@type\":\"Organization\",\"@id\":\"https:\\\/\\\/quatrecpa.com\\\/en\\\/#organization\",\"name\":\"Quatre CPA | Soci\u00e9t\u00e9 de comptables professionnels agr\u00e9\u00e9s\",\"url\":\"https:\\\/\\\/quatrecpa.com\\\/en\\\/\",\"logo\":{\"@type\":\"ImageObject\",\"inLanguage\":\"en-US\",\"@id\":\"https:\\\/\\\/quatrecpa.com\\\/en\\\/#\\\/schema\\\/logo\\\/image\\\/\",\"url\":\"https:\\\/\\\/quatrecpa.com\\\/wp-content\\\/uploads\\\/2017\\\/06\\\/quatrecpa_favicon.png\",\"contentUrl\":\"https:\\\/\\\/quatrecpa.com\\\/wp-content\\\/uploads\\\/2017\\\/06\\\/quatrecpa_favicon.png\",\"width\":160,\"height\":160,\"caption\":\"Quatre CPA | Soci\u00e9t\u00e9 de comptables professionnels agr\u00e9\u00e9s\"},\"image\":{\"@id\":\"https:\\\/\\\/quatrecpa.com\\\/en\\\/#\\\/schema\\\/logo\\\/image\\\/\"}}]}<\/script>\n<!-- \/ Yoast SEO plugin. -->","yoast_head_json":{"title":"Mathieu Bernier - 4CPA | Society of Professional Chartered Accountants","description":"Mathieu Bernier, CPA auditor, CA, has extensive experience, mainly in carrying out certification mandates after public bodies.","robots":{"index":"index","follow":"follow","max-snippet":"max-snippet:-1","max-image-preview":"max-image-preview:large","max-video-preview":"max-video-preview:-1"},"canonical":"https:\/\/quatrecpa.com\/en\/mathieu-bernier\/","og_locale":"en_US","og_type":"article","og_title":"Mathieu Bernier - 4CPA | Soci\u00e9t\u00e9 de comptables professionnels agr\u00e9\u00e9s | Gatineau","og_description":"Mathieu Bernier, CPA auditeur, CA, poss\u00e8de une vaste exp\u00e9rience, principalement dans la r\u00e9alisation de mandats de certification apr\u00e8s d\u2019organismes publics.","og_url":"https:\/\/quatrecpa.com\/en\/mathieu-bernier\/","og_site_name":"Quatre CPA","article_modified_time":"2024-12-16T14:11:59+00:00","og_image":[{"width":1200,"height":630,"url":"https:\/\/quatrecpa.com\/wp-content\/uploads\/2017\/05\/quatre_cpa_media.jpg","type":"image\/jpeg"}],"twitter_card":"summary_large_image","twitter_misc":{"Est. reading time":"4 minutes"},"schema":{"@context":"https:\/\/schema.org","@graph":[{"@type":"WebPage","@id":"https:\/\/quatrecpa.com\/en\/mathieu-bernier\/","url":"https:\/\/quatrecpa.com\/en\/mathieu-bernier\/","name":"Mathieu Bernier - 4CPA | Society of Professional Chartered Accountants","isPartOf":{"@id":"https:\/\/quatrecpa.com\/en\/#website"},"datePublished":"2017-07-12T14:09:56+00:00","dateModified":"2024-12-16T14:11:59+00:00","description":"Mathieu Bernier, CPA auditor, CA, has extensive experience, mainly in carrying out certification mandates after public bodies.","breadcrumb":{"@id":"https:\/\/quatrecpa.com\/en\/mathieu-bernier\/#breadcrumb"},"inLanguage":"en-US","potentialAction":[{"@type":"ReadAction","target":["https:\/\/quatrecpa.com\/en\/mathieu-bernier\/"]}]},{"@type":"BreadcrumbList","@id":"https:\/\/quatrecpa.com\/en\/mathieu-bernier\/#breadcrumb","itemListElement":[{"@type":"ListItem","position":1,"name":"Home","item":"https:\/\/quatrecpa.com\/en\/"},{"@type":"ListItem","position":2,"name":"Mathieu Bernier"}]},{"@type":"WebSite","@id":"https:\/\/quatrecpa.com\/en\/#website","url":"https:\/\/quatrecpa.com\/en\/","name":"Quatre CPA","description":"Soci\u00e9t\u00e9 de comptables professionnels agr\u00e9\u00e9s","publisher":{"@id":"https:\/\/quatrecpa.com\/en\/#organization"},"potentialAction":[{"@type":"SearchAction","target":{"@type":"EntryPoint","urlTemplate":"https:\/\/quatrecpa.com\/en\/?s={search_term_string}"},"query-input":{"@type":"PropertyValueSpecification","valueRequired":true,"valueName":"search_term_string"}}],"inLanguage":"en-US"},{"@type":"Organization","@id":"https:\/\/quatrecpa.com\/en\/#organization","name":"Quatre CPA | Soci\u00e9t\u00e9 de comptables professionnels agr\u00e9\u00e9s","url":"https:\/\/quatrecpa.com\/en\/","logo":{"@type":"ImageObject","inLanguage":"en-US","@id":"https:\/\/quatrecpa.com\/en\/#\/schema\/logo\/image\/","url":"https:\/\/quatrecpa.com\/wp-content\/uploads\/2017\/06\/quatrecpa_favicon.png","contentUrl":"https:\/\/quatrecpa.com\/wp-content\/uploads\/2017\/06\/quatrecpa_favicon.png","width":160,"height":160,"caption":"Quatre CPA | Soci\u00e9t\u00e9 de comptables professionnels agr\u00e9\u00e9s"},"image":{"@id":"https:\/\/quatrecpa.com\/en\/#\/schema\/logo\/image\/"}}]}},"_links":{"self":[{"href":"https:\/\/quatrecpa.com\/en\/wp-json\/wp\/v2\/pages\/664","targetHints":{"allow":["GET"]}}],"collection":[{"href":"https:\/\/quatrecpa.com\/en\/wp-json\/wp\/v2\/pages"}],"about":[{"href":"https:\/\/quatrecpa.com\/en\/wp-json\/wp\/v2\/types\/page"}],"author":[{"embeddable":true,"href":"https:\/\/quatrecpa.com\/en\/wp-json\/wp\/v2\/users\/1"}],"replies":[{"embeddable":true,"href":"https:\/\/quatrecpa.com\/en\/wp-json\/wp\/v2\/comments?post=664"}],"version-history":[{"count":9,"href":"https:\/\/quatrecpa.com\/en\/wp-json\/wp\/v2\/pages\/664\/revisions"}],"predecessor-version":[{"id":913,"href":"https:\/\/quatrecpa.com\/en\/wp-json\/wp\/v2\/pages\/664\/revisions\/913"}],"wp:attachment":[{"href":"https:\/\/quatrecpa.com\/en\/wp-json\/wp\/v2\/media?parent=664"}],"curies":[{"name":"wp","href":"https:\/\/api.w.org\/{rel}","templated":true}]}}