{"id":662,"date":"2017-07-12T10:10:15","date_gmt":"2017-07-12T14:10:15","guid":{"rendered":"https:\/\/quatrecpa.com\/eric-raymond\/"},"modified":"2024-12-16T09:12:09","modified_gmt":"2024-12-16T14:12:09","slug":"matthieu-gagnon","status":"publish","type":"page","link":"https:\/\/quatrecpa.com\/en\/matthieu-gagnon\/","title":{"rendered":"Matthieu Gagnon"},"content":{"rendered":"<p>[vc_row row_type=&#8221;parallax&#8221; parallax_content_width=&#8221;full_width&#8221; text_align=&#8221;left&#8221; background_image=&#8221;261&#8243; full_screen_section_height=&#8221;no&#8221; parallax_speed=&#8221;4&#8243;][vc_column css=&#8221;.vc_custom_1499871995475{padding-right: 5% !important;padding-left: 5% !important;}&#8221;][vc_separator type=&#8221;transparent&#8221; up=&#8221;100&#8243;][vc_row_inner row_type=&#8221;row&#8221; type=&#8221;full_width&#8221; text_align=&#8221;left&#8221; css_animation=&#8221;&#8221;][vc_column_inner width=&#8221;2\/3&#8243;][vc_column_text]<\/p>\n<h1 style=\"text-align: left; color: #2d98d0;\">Matthieu Gagnon<\/h1>\n<h5 style=\"text-align: left; color: #2d98d0;\">CPA auditor, CA<\/h5>\n<p style=\"text-align: left; color: #2d98d0;\"><a href=\"mailto:mgagnon@quatrecpa.ca\">mgagnon@quatrecpa.ca<\/a><\/p>\n<p>[\/vc_column_text][vc_separator type=&#8221;transparent&#8221; up=&#8221;10&#8243;][vc_column_text]Matthieu Gagnon, CPA auditeur, exerce sa profession avec passion tout en \u00e9tant un comptable proactif et dynamique. Toujours \u00e0 l\u2019\u00e9coute de ses clients, il propose des solutions adapt\u00e9es \u00e0 leur besoin. Il a donc \u00e0 c\u0153ur le succ\u00e8s des entreprises de ses clients.<\/p>\n<p>Matthieu se sp\u00e9cialise dans la petite et moyenne entreprise \u0153uvrant dans divers secteurs d\u2019activit\u00e9s tels que la construction, les services, le commerce de d\u00e9tail ainsi que les professionnels incorpor\u00e9s. Il poss\u00e8de \u00e9galement une exp\u00e9rience accrue aupr\u00e8s des organismes sans but lucratif, notamment les syndicats de copropri\u00e9taires.[\/vc_column_text][vc_separator type=&#8221;transparent&#8221; up=&#8221;10&#8243;][\/vc_column_inner][vc_column_inner width=&#8221;1\/3&#8243;][vc_single_image image=&#8221;840&#8243; img_size=&#8221;full&#8221; alignment=&#8221;center&#8221; qode_css_animation=&#8221;&#8221;][\/vc_column_inner][\/vc_row_inner][\/vc_column][\/vc_row][vc_row css_animation=&#8221;&#8221; row_type=&#8221;row&#8221; use_row_as_full_screen_section=&#8221;no&#8221; type=&#8221;full_width&#8221; angled_section=&#8221;no&#8221; text_align=&#8221;left&#8221; background_image_as_pattern=&#8221;without_pattern&#8221; background_color=&#8221;#f4f4f4&#8243;][vc_column][vc_separator type=&#8221;normal&#8221; color=&#8221;#e8e8e8&#8243; transparency=&#8221;1&#8243; thickness=&#8221;1&#8243; up=&#8221;0&#8243; down=&#8221;0&#8243;][vc_row_inner row_type=&#8221;row&#8221; type=&#8221;full_width&#8221; text_align=&#8221;left&#8221; padding_top=&#8221;100&#8243; css_animation=&#8221;&#8221; css=&#8221;.vc_custom_1499797449939{padding-right: 5% !important;padding-left: 5% !important;}&#8221;][vc_column_inner][vc_column_text]<\/p>\n<h2 class=\"p1\"><span class=\"s1\">Education &amp; Training<\/span><\/h2>\n<p>[\/vc_column_text][vc_separator type=&#8221;transparent&#8221; up=&#8221;10&#8243;][\/vc_column_inner][\/vc_row_inner][vc_row_inner row_type=&#8221;row&#8221; type=&#8221;full_width&#8221; text_align=&#8221;left&#8221; padding_bottom=&#8221;100&#8243; css_animation=&#8221;&#8221; css=&#8221;.vc_custom_1499797456418{padding-right: 5% !important;padding-left: 5% !important;}&#8221;][vc_column_inner width=&#8221;2\/3&#8243;][vc_column_text]Matthieu est bachelier en sciences comptables et d\u00e9tient \u00e9galement un dipl\u00f4me d\u2019\u00e9tudes sp\u00e9cialis\u00e9es en sciences comptables de l\u2019Universit\u00e9 du Qu\u00e9bec en Outaouais. Il est \u00e9galement titulaire du titre de comptable professionnel agr\u00e9\u00e9 (CPA auditeur) et d\u2019un permis de comptabilit\u00e9 publique.[\/vc_column_text][vc_separator type=&#8221;transparent&#8221; up=&#8221;10&#8243;][\/vc_column_inner][vc_column_inner width=&#8221;1\/3&#8243;][\/vc_column_inner][\/vc_row_inner][\/vc_column][\/vc_row][vc_row css_animation=&#8221;&#8221; row_type=&#8221;row&#8221; use_row_as_full_screen_section=&#8221;no&#8221; type=&#8221;full_width&#8221; angled_section=&#8221;no&#8221; text_align=&#8221;left&#8221; background_image_as_pattern=&#8221;without_pattern&#8221;][vc_column][vc_separator type=&#8221;normal&#8221; color=&#8221;#e8e8e8&#8243; transparency=&#8221;1&#8243; thickness=&#8221;1&#8243; up=&#8221;0&#8243; down=&#8221;0&#8243;][vc_row_inner row_type=&#8221;row&#8221; type=&#8221;full_width&#8221; text_align=&#8221;left&#8221; padding_top=&#8221;100&#8243; css_animation=&#8221;&#8221; css=&#8221;.vc_custom_1499797449939{padding-right: 5% !important;padding-left: 5% !important;}&#8221;][vc_column_inner][vc_column_text]<\/p>\n<h2 class=\"p1\"><span class=\"s1\">Community Involvement<\/span><\/h2>\n<p>[\/vc_column_text][vc_separator type=&#8221;transparent&#8221; up=&#8221;10&#8243;][\/vc_column_inner][\/vc_row_inner][vc_row_inner row_type=&#8221;row&#8221; type=&#8221;full_width&#8221; text_align=&#8221;left&#8221; padding_bottom=&#8221;100&#8243; css_animation=&#8221;&#8221; css=&#8221;.vc_custom_1499797456418{padding-right: 5% !important;padding-left: 5% !important;}&#8221;][vc_column_inner width=&#8221;2\/3&#8243;][vc_column_text]Outre le domaine professionnel, Matthieu est \u00e9galement tr\u00e8s impliqu\u00e9 aupr\u00e8s de l\u2019association de hockey mineur de Gatineau o\u00f9 il enseigne b\u00e9n\u00e9volement aux enfants tout au long de l\u2019ann\u00e9e.[\/vc_column_text][vc_separator type=&#8221;transparent&#8221; up=&#8221;10&#8243;][\/vc_column_inner][vc_column_inner width=&#8221;1\/3&#8243;][\/vc_column_inner][\/vc_row_inner][\/vc_column][\/vc_row][vc_row css_animation=&#8221;&#8221; row_type=&#8221;row&#8221; use_row_as_full_screen_section=&#8221;no&#8221; type=&#8221;full_width&#8221; angled_section=&#8221;no&#8221; text_align=&#8221;left&#8221; background_image_as_pattern=&#8221;without_pattern&#8221; background_color=&#8221;#f4f4f4&#8243;][vc_column][vc_separator type=&#8221;normal&#8221; color=&#8221;#e8e8e8&#8243; transparency=&#8221;1&#8243; thickness=&#8221;1&#8243; up=&#8221;0&#8243; down=&#8221;0&#8243;][vc_row_inner row_type=&#8221;row&#8221; type=&#8221;full_width&#8221; text_align=&#8221;left&#8221; padding_top=&#8221;100&#8243; css_animation=&#8221;&#8221; css=&#8221;.vc_custom_1499797449939{padding-right: 5% !important;padding-left: 5% !important;}&#8221;][vc_column_inner][vc_column_text]<\/p>\n<h2 class=\"p1\"><span class=\"s1\">Professional Affiliation<\/span><\/h2>\n<p>[\/vc_column_text][vc_separator type=&#8221;transparent&#8221; up=&#8221;10&#8243;][\/vc_column_inner][\/vc_row_inner][vc_row_inner row_type=&#8221;row&#8221; type=&#8221;full_width&#8221; text_align=&#8221;left&#8221; padding_bottom=&#8221;100&#8243; css_animation=&#8221;&#8221; css=&#8221;.vc_custom_1499797456418{padding-right: 5% !important;padding-left: 5% !important;}&#8221;][vc_column_inner width=&#8221;2\/3&#8243;][vc_column_text]Matthieu est membre de l\u2019Ordre des comptables professionnels agr\u00e9\u00e9s du Qu\u00e9bec et \u00e9galement membre de CPA Canada.[\/vc_column_text][vc_separator type=&#8221;transparent&#8221; up=&#8221;10&#8243;][\/vc_column_inner][vc_column_inner width=&#8221;1\/3&#8243;][\/vc_column_inner][\/vc_row_inner][\/vc_column][\/vc_row][vc_row css_animation=&#8221;&#8221; row_type=&#8221;row&#8221; use_row_as_full_screen_section=&#8221;no&#8221; type=&#8221;full_width&#8221; angled_section=&#8221;no&#8221; text_align=&#8221;center&#8221; background_image_as_pattern=&#8221;without_pattern&#8221; padding_bottom=&#8221;0&#8243;][vc_column][vc_separator type=&#8221;normal&#8221; color=&#8221;#e8e8e8&#8243; transparency=&#8221;1&#8243; thickness=&#8221;1&#8243; up=&#8221;0&#8243; down=&#8221;0&#8243;][vc_row_inner row_type=&#8221;row&#8221; type=&#8221;full_width&#8221; text_align=&#8221;center&#8221; padding_top=&#8221;100&#8243; padding_bottom=&#8221;0&#8243; css_animation=&#8221;&#8221; css=&#8221;.vc_custom_1499777082241{padding-right: 5% !important;padding-left: 5% !important;}&#8221;][vc_column_inner width=&#8221;1\/4&#8243;][\/vc_column_inner][vc_column_inner width=&#8221;1\/4&#8243;]<div class='image_hover hovered' style='' data-transition-delay='3000'><div class='images_holder'><a itemprop='url' href='\/en\/pierre-yves-lemieux\/' target='_self'><img itemprop='image' class='active_image ' src='https:\/\/quatrecpa.com\/wp-content\/uploads\/2023\/07\/4CPA_Team_PY_01.jpg' alt='' style='' \/><img itemprop='image' class='hover_image' src='https:\/\/quatrecpa.com\/wp-content\/uploads\/2023\/07\/4CPA_Team_PY_02_EN.jpg' alt='' style='' \/><\/a><\/div><\/div>[\/vc_column_inner][vc_column_inner width=&#8221;1\/4&#8243;]<div class='image_hover hovered' style='' data-transition-delay='3000'><div class='images_holder'><a itemprop='url' href='\/en\/mathieu-bernier' target='_self'><img itemprop='image' class='active_image ' src='https:\/\/quatrecpa.com\/wp-content\/uploads\/2023\/07\/4CPA_Team_MB_01.jpg' alt='' style='' \/><img itemprop='image' class='hover_image' src='https:\/\/quatrecpa.com\/wp-content\/uploads\/2023\/07\/4CPA_Team_MB_02_EN.jpg' alt='' style='' \/><\/a><\/div><\/div>[\/vc_column_inner][vc_column_inner width=&#8221;1\/4&#8243;][\/vc_column_inner][\/vc_row_inner][\/vc_column][\/vc_row]<\/p>\n","protected":false},"excerpt":{"rendered":"<p>[vc_row row_type=&#8221;parallax&#8221; parallax_content_width=&#8221;full_width&#8221; text_align=&#8221;left&#8221; background_image=&#8221;261&#8243; full_screen_section_height=&#8221;no&#8221; parallax_speed=&#8221;4&#8243;][vc_column css=&#8221;.vc_custom_1499871995475{padding-right: 5% !important;padding-left: 5% !important;}&#8221;][vc_separator type=&#8221;transparent&#8221; up=&#8221;100&#8243;][vc_row_inner row_type=&#8221;row&#8221; type=&#8221;full_width&#8221; text_align=&#8221;left&#8221; css_animation=&#8221;&#8221;][vc_column_inner width=&#8221;2\/3&#8243;][vc_column_text] Matthieu Gagnon CPA auditor, CA mgagnon@quatrecpa.ca [\/vc_column_text][vc_separator type=&#8221;transparent&#8221; up=&#8221;10&#8243;][vc_column_text]Matthieu Gagnon, CPA auditeur, exerce sa profession avec passion tout en \u00e9tant un comptable proactif et dynamique. Toujours&#8230;<\/p>\n","protected":false},"author":1,"featured_media":0,"parent":0,"menu_order":0,"comment_status":"closed","ping_status":"closed","template":"full_width.php","meta":{"_exactmetrics_skip_tracking":false,"_exactmetrics_sitenote_active":false,"_exactmetrics_sitenote_note":"","_exactmetrics_sitenote_category":0,"footnotes":""},"class_list":["post-662","page","type-page","status-publish","hentry"],"yoast_head":"<!-- This site is optimized with the Yoast SEO plugin v27.4 - https:\/\/yoast.com\/product\/yoast-seo-wordpress\/ -->\n<title>\u00c9ric Raymond - 4CPA | Society of Professional Chartered Accountants<\/title>\n<meta name=\"description\" content=\"\u00c9ric Raymond, CPA auditor, CA is a proactive and energetic accountant. Eric helps his clients understand their financial information.\" \/>\n<meta name=\"robots\" content=\"index, follow, max-snippet:-1, max-image-preview:large, max-video-preview:-1\" \/>\n<link rel=\"canonical\" href=\"https:\/\/quatrecpa.com\/en\/matthieu-gagnon\/\" \/>\n<meta property=\"og:locale\" content=\"en_US\" \/>\n<meta property=\"og:type\" content=\"article\" \/>\n<meta property=\"og:title\" content=\"\u00c9ric Raymond - 4CPA | Soci\u00e9t\u00e9 de comptables professionnels agr\u00e9\u00e9s | Gatineau\" \/>\n<meta property=\"og:description\" content=\"\u00c9ric Raymond, CPA auditeur, CA est un comptable proactif et \u00e9nergique. \u00c9ric aide ses clients \u00e0 comprendre leurs informations financi\u00e8res.\" \/>\n<meta property=\"og:url\" content=\"https:\/\/quatrecpa.com\/en\/matthieu-gagnon\/\" \/>\n<meta property=\"og:site_name\" content=\"Quatre CPA\" \/>\n<meta property=\"article:modified_time\" content=\"2024-12-16T14:12:09+00:00\" \/>\n<meta property=\"og:image\" content=\"https:\/\/quatrecpa.com\/wp-content\/uploads\/2017\/05\/quatre_cpa_media.jpg\" \/>\n\t<meta property=\"og:image:width\" content=\"1200\" \/>\n\t<meta property=\"og:image:height\" content=\"630\" \/>\n\t<meta property=\"og:image:type\" content=\"image\/jpeg\" \/>\n<meta name=\"twitter:card\" content=\"summary_large_image\" \/>\n<meta name=\"twitter:label1\" content=\"Est. reading time\" \/>\n\t<meta name=\"twitter:data1\" content=\"4 minutes\" \/>\n<script type=\"application\/ld+json\" class=\"yoast-schema-graph\">{\"@context\":\"https:\\\/\\\/schema.org\",\"@graph\":[{\"@type\":\"WebPage\",\"@id\":\"https:\\\/\\\/quatrecpa.com\\\/en\\\/matthieu-gagnon\\\/\",\"url\":\"https:\\\/\\\/quatrecpa.com\\\/en\\\/matthieu-gagnon\\\/\",\"name\":\"\u00c9ric Raymond - 4CPA | Society of Professional Chartered Accountants\",\"isPartOf\":{\"@id\":\"https:\\\/\\\/quatrecpa.com\\\/en\\\/#website\"},\"datePublished\":\"2017-07-12T14:10:15+00:00\",\"dateModified\":\"2024-12-16T14:12:09+00:00\",\"description\":\"\u00c9ric Raymond, CPA auditor, CA is a proactive and energetic accountant. Eric helps his clients understand their financial information.\",\"breadcrumb\":{\"@id\":\"https:\\\/\\\/quatrecpa.com\\\/en\\\/matthieu-gagnon\\\/#breadcrumb\"},\"inLanguage\":\"en-US\",\"potentialAction\":[{\"@type\":\"ReadAction\",\"target\":[\"https:\\\/\\\/quatrecpa.com\\\/en\\\/matthieu-gagnon\\\/\"]}]},{\"@type\":\"BreadcrumbList\",\"@id\":\"https:\\\/\\\/quatrecpa.com\\\/en\\\/matthieu-gagnon\\\/#breadcrumb\",\"itemListElement\":[{\"@type\":\"ListItem\",\"position\":1,\"name\":\"Home\",\"item\":\"https:\\\/\\\/quatrecpa.com\\\/en\\\/\"},{\"@type\":\"ListItem\",\"position\":2,\"name\":\"Matthieu Gagnon\"}]},{\"@type\":\"WebSite\",\"@id\":\"https:\\\/\\\/quatrecpa.com\\\/en\\\/#website\",\"url\":\"https:\\\/\\\/quatrecpa.com\\\/en\\\/\",\"name\":\"Quatre CPA\",\"description\":\"Soci\u00e9t\u00e9 de comptables professionnels agr\u00e9\u00e9s\",\"publisher\":{\"@id\":\"https:\\\/\\\/quatrecpa.com\\\/en\\\/#organization\"},\"potentialAction\":[{\"@type\":\"SearchAction\",\"target\":{\"@type\":\"EntryPoint\",\"urlTemplate\":\"https:\\\/\\\/quatrecpa.com\\\/en\\\/?s={search_term_string}\"},\"query-input\":{\"@type\":\"PropertyValueSpecification\",\"valueRequired\":true,\"valueName\":\"search_term_string\"}}],\"inLanguage\":\"en-US\"},{\"@type\":\"Organization\",\"@id\":\"https:\\\/\\\/quatrecpa.com\\\/en\\\/#organization\",\"name\":\"Quatre CPA | Soci\u00e9t\u00e9 de comptables professionnels agr\u00e9\u00e9s\",\"url\":\"https:\\\/\\\/quatrecpa.com\\\/en\\\/\",\"logo\":{\"@type\":\"ImageObject\",\"inLanguage\":\"en-US\",\"@id\":\"https:\\\/\\\/quatrecpa.com\\\/en\\\/#\\\/schema\\\/logo\\\/image\\\/\",\"url\":\"https:\\\/\\\/quatrecpa.com\\\/wp-content\\\/uploads\\\/2017\\\/06\\\/quatrecpa_favicon.png\",\"contentUrl\":\"https:\\\/\\\/quatrecpa.com\\\/wp-content\\\/uploads\\\/2017\\\/06\\\/quatrecpa_favicon.png\",\"width\":160,\"height\":160,\"caption\":\"Quatre CPA | Soci\u00e9t\u00e9 de comptables professionnels agr\u00e9\u00e9s\"},\"image\":{\"@id\":\"https:\\\/\\\/quatrecpa.com\\\/en\\\/#\\\/schema\\\/logo\\\/image\\\/\"}}]}<\/script>\n<!-- \/ Yoast SEO plugin. -->","yoast_head_json":{"title":"\u00c9ric Raymond - 4CPA | Society of Professional Chartered Accountants","description":"\u00c9ric Raymond, CPA auditor, CA is a proactive and energetic accountant. Eric helps his clients understand their financial information.","robots":{"index":"index","follow":"follow","max-snippet":"max-snippet:-1","max-image-preview":"max-image-preview:large","max-video-preview":"max-video-preview:-1"},"canonical":"https:\/\/quatrecpa.com\/en\/matthieu-gagnon\/","og_locale":"en_US","og_type":"article","og_title":"\u00c9ric Raymond - 4CPA | Soci\u00e9t\u00e9 de comptables professionnels agr\u00e9\u00e9s | Gatineau","og_description":"\u00c9ric Raymond, CPA auditeur, CA est un comptable proactif et \u00e9nergique. \u00c9ric aide ses clients \u00e0 comprendre leurs informations financi\u00e8res.","og_url":"https:\/\/quatrecpa.com\/en\/matthieu-gagnon\/","og_site_name":"Quatre CPA","article_modified_time":"2024-12-16T14:12:09+00:00","og_image":[{"width":1200,"height":630,"url":"https:\/\/quatrecpa.com\/wp-content\/uploads\/2017\/05\/quatre_cpa_media.jpg","type":"image\/jpeg"}],"twitter_card":"summary_large_image","twitter_misc":{"Est. reading time":"4 minutes"},"schema":{"@context":"https:\/\/schema.org","@graph":[{"@type":"WebPage","@id":"https:\/\/quatrecpa.com\/en\/matthieu-gagnon\/","url":"https:\/\/quatrecpa.com\/en\/matthieu-gagnon\/","name":"\u00c9ric Raymond - 4CPA | Society of Professional Chartered Accountants","isPartOf":{"@id":"https:\/\/quatrecpa.com\/en\/#website"},"datePublished":"2017-07-12T14:10:15+00:00","dateModified":"2024-12-16T14:12:09+00:00","description":"\u00c9ric Raymond, CPA auditor, CA is a proactive and energetic accountant. Eric helps his clients understand their financial information.","breadcrumb":{"@id":"https:\/\/quatrecpa.com\/en\/matthieu-gagnon\/#breadcrumb"},"inLanguage":"en-US","potentialAction":[{"@type":"ReadAction","target":["https:\/\/quatrecpa.com\/en\/matthieu-gagnon\/"]}]},{"@type":"BreadcrumbList","@id":"https:\/\/quatrecpa.com\/en\/matthieu-gagnon\/#breadcrumb","itemListElement":[{"@type":"ListItem","position":1,"name":"Home","item":"https:\/\/quatrecpa.com\/en\/"},{"@type":"ListItem","position":2,"name":"Matthieu Gagnon"}]},{"@type":"WebSite","@id":"https:\/\/quatrecpa.com\/en\/#website","url":"https:\/\/quatrecpa.com\/en\/","name":"Quatre CPA","description":"Soci\u00e9t\u00e9 de comptables professionnels agr\u00e9\u00e9s","publisher":{"@id":"https:\/\/quatrecpa.com\/en\/#organization"},"potentialAction":[{"@type":"SearchAction","target":{"@type":"EntryPoint","urlTemplate":"https:\/\/quatrecpa.com\/en\/?s={search_term_string}"},"query-input":{"@type":"PropertyValueSpecification","valueRequired":true,"valueName":"search_term_string"}}],"inLanguage":"en-US"},{"@type":"Organization","@id":"https:\/\/quatrecpa.com\/en\/#organization","name":"Quatre CPA | Soci\u00e9t\u00e9 de comptables professionnels agr\u00e9\u00e9s","url":"https:\/\/quatrecpa.com\/en\/","logo":{"@type":"ImageObject","inLanguage":"en-US","@id":"https:\/\/quatrecpa.com\/en\/#\/schema\/logo\/image\/","url":"https:\/\/quatrecpa.com\/wp-content\/uploads\/2017\/06\/quatrecpa_favicon.png","contentUrl":"https:\/\/quatrecpa.com\/wp-content\/uploads\/2017\/06\/quatrecpa_favicon.png","width":160,"height":160,"caption":"Quatre CPA | Soci\u00e9t\u00e9 de comptables professionnels agr\u00e9\u00e9s"},"image":{"@id":"https:\/\/quatrecpa.com\/en\/#\/schema\/logo\/image\/"}}]}},"_links":{"self":[{"href":"https:\/\/quatrecpa.com\/en\/wp-json\/wp\/v2\/pages\/662","targetHints":{"allow":["GET"]}}],"collection":[{"href":"https:\/\/quatrecpa.com\/en\/wp-json\/wp\/v2\/pages"}],"about":[{"href":"https:\/\/quatrecpa.com\/en\/wp-json\/wp\/v2\/types\/page"}],"author":[{"embeddable":true,"href":"https:\/\/quatrecpa.com\/en\/wp-json\/wp\/v2\/users\/1"}],"replies":[{"embeddable":true,"href":"https:\/\/quatrecpa.com\/en\/wp-json\/wp\/v2\/comments?post=662"}],"version-history":[{"count":12,"href":"https:\/\/quatrecpa.com\/en\/wp-json\/wp\/v2\/pages\/662\/revisions"}],"predecessor-version":[{"id":914,"href":"https:\/\/quatrecpa.com\/en\/wp-json\/wp\/v2\/pages\/662\/revisions\/914"}],"wp:attachment":[{"href":"https:\/\/quatrecpa.com\/en\/wp-json\/wp\/v2\/media?parent=662"}],"curies":[{"name":"wp","href":"https:\/\/api.w.org\/{rel}","templated":true}]}}