{"id":590,"date":"2017-07-04T10:19:22","date_gmt":"2017-07-04T14:19:22","guid":{"rendered":"https:\/\/quatrecpa.com\/le-cabinet\/"},"modified":"2023-07-11T14:34:15","modified_gmt":"2023-07-11T18:34:15","slug":"firm","status":"publish","type":"page","link":"https:\/\/quatrecpa.com\/en\/firm\/","title":{"rendered":"The Firm"},"content":{"rendered":"<p>[vc_row css_animation=&#8221;&#8221; row_type=&#8221;row&#8221; use_row_as_full_screen_section=&#8221;no&#8221; type=&#8221;full_width&#8221; angled_section=&#8221;no&#8221; text_align=&#8221;center&#8221; background_image_as_pattern=&#8221;without_pattern&#8221; padding_bottom=&#8221;0&#8243;][vc_column][vc_row_inner row_type=&#8221;row&#8221; type=&#8221;full_width&#8221; text_align=&#8221;center&#8221; padding_top=&#8221;100&#8243; padding_bottom=&#8221;0&#8243; css_animation=&#8221;&#8221; css=&#8221;.vc_custom_1501250998276{padding-right: 5% !important;padding-left: 5% !important;}&#8221;][vc_column_inner width=&#8221;1\/4&#8243;]<div class='image_hover hovered' style='' data-transition-delay='3000'><div class='images_holder'><a itemprop='url' href='\/en\/alexandre-da-costa\/' target='_self'><img itemprop='image' class='active_image ' src='https:\/\/quatrecpa.com\/wp-content\/uploads\/2023\/07\/4CPA_Team_Alex_01.jpg' alt='' style='' \/><img itemprop='image' class='hover_image' src='https:\/\/quatrecpa.com\/wp-content\/uploads\/2023\/07\/4CPA_Team_Alex_02_EN.jpg' alt='' style='' \/><\/a><\/div><\/div>[\/vc_column_inner][vc_column_inner width=&#8221;1\/4&#8243;]<div class='image_hover hovered' style='' data-transition-delay='3000'><div class='images_holder'><a itemprop='url' href='\/en\/mathieu-bernier' target='_self'><img itemprop='image' class='active_image ' src='https:\/\/quatrecpa.com\/wp-content\/uploads\/2023\/07\/4CPA_Team_MB_01.jpg' alt='' style='' \/><img itemprop='image' class='hover_image' src='https:\/\/quatrecpa.com\/wp-content\/uploads\/2023\/07\/4CPA_Team_MB_02_EN.jpg' alt='' style='' \/><\/a><\/div><\/div>[\/vc_column_inner][vc_column_inner width=&#8221;1\/4&#8243;]<div class='image_hover hovered' style='' data-transition-delay='3000'><div class='images_holder'><a itemprop='url' href='\/en\/matthieu-gagnon' target='_self'><img itemprop='image' class='active_image ' src='https:\/\/quatrecpa.com\/wp-content\/uploads\/2023\/07\/4CPA_Team_MG_01.jpg' alt='' style='' \/><img itemprop='image' class='hover_image' src='https:\/\/quatrecpa.com\/wp-content\/uploads\/2023\/07\/4CPA_Team_MG_02_EN.jpg' alt='' style='' \/><\/a><\/div><\/div>[\/vc_column_inner][vc_column_inner width=&#8221;1\/4&#8243;]<div class='image_hover hovered' style='' data-transition-delay='3000'><div class='images_holder'><a itemprop='url' href='\/en\/pierre-yves-lemieux\/' target='_self'><img itemprop='image' class='active_image ' src='https:\/\/quatrecpa.com\/wp-content\/uploads\/2023\/07\/4CPA_Team_PY_01.jpg' alt='' style='' \/><img itemprop='image' class='hover_image' src='https:\/\/quatrecpa.com\/wp-content\/uploads\/2023\/07\/4CPA_Team_PY_02_EN.jpg' alt='' style='' \/><\/a><\/div><\/div>[\/vc_column_inner][\/vc_row_inner][vc_separator type=&#8221;normal&#8221; color=&#8221;#e8e8e8&#8243; transparency=&#8221;1&#8243; thickness=&#8221;1&#8243; up=&#8221;0&#8243; down=&#8221;0&#8243;][\/vc_column][\/vc_row][vc_row css_animation=&#8221;&#8221; row_type=&#8221;row&#8221; use_row_as_full_screen_section=&#8221;no&#8221; type=&#8221;full_width&#8221; angled_section=&#8221;no&#8221; text_align=&#8221;left&#8221; background_image_as_pattern=&#8221;without_pattern&#8221; background_color=&#8221;#f4f4f4&#8243;][vc_column width=&#8221;3\/4&#8243; css=&#8221;.vc_custom_1498142499081{padding-right: 8% !important;padding-left: 8% !important;}&#8221;][vc_separator type=&#8221;transparent&#8221; up=&#8221;100&#8243;][vc_row_inner row_type=&#8221;row&#8221; type=&#8221;full_width&#8221; text_align=&#8221;left&#8221; css_animation=&#8221;&#8221;][vc_column_inner width=&#8221;11\/12&#8243;][vc_column_text]Our vision[\/vc_column_text][vc_separator type=&#8221;transparent&#8221; up=&#8221;10&#8243;][vc_column_text]<\/p>\n<h5 class=\"p1\">To be a leader in assurance, financial accounting, taxation and advisory services for small and medium-sized businesses in the National Capital Region.<\/h5>\n<p>[\/vc_column_text][\/vc_column_inner][vc_column_inner width=&#8221;1\/12&#8243;][\/vc_column_inner][\/vc_row_inner][vc_separator type=&#8221;transparent&#8221; up=&#8221;100&#8243;][\/vc_column][vc_column width=&#8221;1\/4&#8243; css=&#8221;.vc_custom_1498142510030{padding-right: 8% !important;padding-left: 8% !important;}&#8221;][\/vc_column][\/vc_row][vc_row row_type=&#8221;parallax&#8221; parallax_content_width=&#8221;full_width&#8221; text_align=&#8221;right&#8221; background_image=&#8221;139&#8243; full_screen_section_height=&#8221;no&#8221;][vc_column width=&#8221;1\/3&#8243; css=&#8221;.vc_custom_1498142499081{padding-right: 8% !important;padding-left: 8% !important;}&#8221;][\/vc_column][vc_column width=&#8221;2\/3&#8243; css=&#8221;.vc_custom_1498142510030{padding-right: 8% !important;padding-left: 8% !important;}&#8221;][vc_separator type=&#8221;transparent&#8221; up=&#8221;150&#8243;][vc_column_text]<\/p>\n<p style=\"color: white;\">Our mission<\/p>\n<p>[\/vc_column_text][vc_separator type=&#8221;transparent&#8221; up=&#8221;10&#8243;][vc_column_text]<\/p>\n<h5 style=\"color: white;\">By using a customer service approach and maintaining excellent business relations, our mission is to provide our clients with dynamic and personalized services that meet their goals and expectations while being a committed partner that contributes to their growth and success.[\/vc_column_text][vc_separator type=&#8221;transparent&#8221; up=&#8221;150&#8243;][\/vc_column][\/vc_row][vc_row row_type=&#8221;parallax&#8221; parallax_content_width=&#8221;full_width&#8221; text_align=&#8221;left&#8221; background_image=&#8221;717&#8243; full_screen_section_height=&#8221;no&#8221; parallax_speed=&#8221;4&#8243; el_class=&#8221;bgimg&#8221;][vc_column][vc_row_inner row_type=&#8221;row&#8221; type=&#8221;full_width&#8221; text_align=&#8221;left&#8221; padding_top=&#8221;100&#8243; css_animation=&#8221;&#8221; css=&#8221;.vc_custom_1499797449939{padding-right: 5% !important;padding-left: 5% !important;}&#8221;][vc_column_inner][vc_column_text]Our values[\/vc_column_text][vc_separator type=&#8221;transparent&#8221; up=&#8221;10&#8243;][\/vc_column_inner][\/vc_row_inner][vc_row_inner row_type=&#8221;row&#8221; type=&#8221;full_width&#8221; text_align=&#8221;left&#8221; padding_bottom=&#8221;100&#8243; css_animation=&#8221;&#8221; css=&#8221;.vc_custom_1499797456418{padding-right: 5% !important;padding-left: 5% !important;}&#8221;][vc_column_inner width=&#8221;2\/3&#8243;][vc_column_text]<\/h5>\n<ul>\n<li>\n<h5>Understand the needs, goals and expectations of our clients<\/h5>\n<\/li>\n<\/ul>\n<ul>\n<li>\n<h5>Anticipate our clients\u2019 needs and respond to them in a proactive manner<\/h5>\n<\/li>\n<\/ul>\n<ul>\n<li>\n<h5>Offer increased availability to our clients<\/h5>\n<\/li>\n<\/ul>\n<ul>\n<li>\n<h5>Provide outstanding service that meets the profession\u2019s standards<\/h5>\n<\/li>\n<\/ul>\n<ul>\n<li>\n<h5>Demonstrate integrity, professionalism and respect in carrying out our responsibilities<\/h5>\n<\/li>\n<\/ul>\n<ul>\n<li>\n<h5>Make our clients&#8217; success a priority<\/h5>\n<\/li>\n<\/ul>\n<ul>\n<li>\n<h5>Constantly improve our work methods and tools to better serve our clients<\/h5>\n<\/li>\n<\/ul>\n<p>[\/vc_column_text][vc_separator type=&#8221;transparent&#8221; up=&#8221;10&#8243;][\/vc_column_inner][vc_column_inner width=&#8221;1\/3&#8243;][\/vc_column_inner][\/vc_row_inner][\/vc_column][\/vc_row]<\/p>\n","protected":false},"excerpt":{"rendered":"<p>[vc_row css_animation=&#8221;&#8221; row_type=&#8221;row&#8221; use_row_as_full_screen_section=&#8221;no&#8221; type=&#8221;full_width&#8221; angled_section=&#8221;no&#8221; text_align=&#8221;center&#8221; background_image_as_pattern=&#8221;without_pattern&#8221; padding_bottom=&#8221;0&#8243;][vc_column][vc_row_inner row_type=&#8221;row&#8221; type=&#8221;full_width&#8221; text_align=&#8221;center&#8221; padding_top=&#8221;100&#8243; padding_bottom=&#8221;0&#8243; css_animation=&#8221;&#8221; css=&#8221;.vc_custom_1501250998276{padding-right: 5% !important;padding-left: 5% !important;}&#8221;][vc_column_inner width=&#8221;1\/4&#8243;][\/vc_column_inner][vc_column_inner width=&#8221;1\/4&#8243;][\/vc_column_inner][vc_column_inner width=&#8221;1\/4&#8243;][\/vc_column_inner][vc_column_inner width=&#8221;1\/4&#8243;][\/vc_column_inner][\/vc_row_inner][vc_separator type=&#8221;normal&#8221; color=&#8221;#e8e8e8&#8243; transparency=&#8221;1&#8243; thickness=&#8221;1&#8243; up=&#8221;0&#8243; down=&#8221;0&#8243;][\/vc_column][\/vc_row][vc_row css_animation=&#8221;&#8221; row_type=&#8221;row&#8221; use_row_as_full_screen_section=&#8221;no&#8221; type=&#8221;full_width&#8221; angled_section=&#8221;no&#8221; text_align=&#8221;left&#8221; background_image_as_pattern=&#8221;without_pattern&#8221; background_color=&#8221;#f4f4f4&#8243;][vc_column width=&#8221;3\/4&#8243; css=&#8221;.vc_custom_1498142499081{padding-right: 8% !important;padding-left: 8% !important;}&#8221;][vc_separator type=&#8221;transparent&#8221;&#8230;<\/p>\n","protected":false},"author":1,"featured_media":0,"parent":0,"menu_order":0,"comment_status":"closed","ping_status":"closed","template":"full_width.php","meta":{"_exactmetrics_skip_tracking":false,"_exactmetrics_sitenote_active":false,"_exactmetrics_sitenote_note":"","_exactmetrics_sitenote_category":0,"footnotes":""},"class_list":["post-590","page","type-page","status-publish","hentry"],"yoast_head":"<!-- This site is optimized with the Yoast SEO plugin v27.4 - https:\/\/yoast.com\/product\/yoast-seo-wordpress\/ -->\n<title>Firm - 4CPA | Society of Professional Chartered Accountants | Gatineau<\/title>\n<meta name=\"description\" content=\"The benchmark for certification services, accounting, tax and consulting services to SMB in the Gatineau - Ottawa region.\" \/>\n<meta name=\"robots\" content=\"index, follow, max-snippet:-1, max-image-preview:large, max-video-preview:-1\" \/>\n<link rel=\"canonical\" href=\"https:\/\/quatrecpa.com\/en\/firm\/\" \/>\n<meta property=\"og:locale\" content=\"en_US\" \/>\n<meta property=\"og:type\" content=\"article\" \/>\n<meta property=\"og:title\" content=\"Cabinet - 4CPA | Soci\u00e9t\u00e9 de comptables professionnels agr\u00e9\u00e9s | Gatineau\" \/>\n<meta property=\"og:description\" content=\"La r\u00e9f\u00e9rence en mati\u00e8re de services de certification, de comptabilit\u00e9, de fiscalit\u00e9 et de services-conseils aupr\u00e8s des CPE de la r\u00e9gion de l&#039;Outaouais.\" \/>\n<meta property=\"og:url\" content=\"https:\/\/quatrecpa.com\/en\/firm\/\" \/>\n<meta property=\"og:site_name\" content=\"Quatre CPA\" \/>\n<meta property=\"article:modified_time\" content=\"2023-07-11T18:34:15+00:00\" \/>\n<meta property=\"og:image\" content=\"https:\/\/quatrecpa.com\/wp-content\/uploads\/2017\/05\/quatre_cpa_media.jpg\" \/>\n\t<meta property=\"og:image:width\" content=\"1200\" \/>\n\t<meta property=\"og:image:height\" content=\"630\" \/>\n\t<meta property=\"og:image:type\" content=\"image\/jpeg\" \/>\n<meta name=\"twitter:card\" content=\"summary_large_image\" \/>\n<meta name=\"twitter:label1\" content=\"Est. reading time\" \/>\n\t<meta name=\"twitter:data1\" content=\"2 minutes\" \/>\n<script type=\"application\/ld+json\" class=\"yoast-schema-graph\">{\"@context\":\"https:\\\/\\\/schema.org\",\"@graph\":[{\"@type\":\"WebPage\",\"@id\":\"https:\\\/\\\/quatrecpa.com\\\/en\\\/firm\\\/\",\"url\":\"https:\\\/\\\/quatrecpa.com\\\/en\\\/firm\\\/\",\"name\":\"Firm - 4CPA | Society of Professional Chartered Accountants | Gatineau\",\"isPartOf\":{\"@id\":\"https:\\\/\\\/quatrecpa.com\\\/en\\\/#website\"},\"datePublished\":\"2017-07-04T14:19:22+00:00\",\"dateModified\":\"2023-07-11T18:34:15+00:00\",\"description\":\"The benchmark for certification services, accounting, tax and consulting services to SMB in the Gatineau - Ottawa region.\",\"breadcrumb\":{\"@id\":\"https:\\\/\\\/quatrecpa.com\\\/en\\\/firm\\\/#breadcrumb\"},\"inLanguage\":\"en-US\",\"potentialAction\":[{\"@type\":\"ReadAction\",\"target\":[\"https:\\\/\\\/quatrecpa.com\\\/en\\\/firm\\\/\"]}]},{\"@type\":\"BreadcrumbList\",\"@id\":\"https:\\\/\\\/quatrecpa.com\\\/en\\\/firm\\\/#breadcrumb\",\"itemListElement\":[{\"@type\":\"ListItem\",\"position\":1,\"name\":\"Home\",\"item\":\"https:\\\/\\\/quatrecpa.com\\\/en\\\/\"},{\"@type\":\"ListItem\",\"position\":2,\"name\":\"The Firm\"}]},{\"@type\":\"WebSite\",\"@id\":\"https:\\\/\\\/quatrecpa.com\\\/en\\\/#website\",\"url\":\"https:\\\/\\\/quatrecpa.com\\\/en\\\/\",\"name\":\"Quatre CPA\",\"description\":\"Soci\u00e9t\u00e9 de comptables professionnels agr\u00e9\u00e9s\",\"publisher\":{\"@id\":\"https:\\\/\\\/quatrecpa.com\\\/en\\\/#organization\"},\"potentialAction\":[{\"@type\":\"SearchAction\",\"target\":{\"@type\":\"EntryPoint\",\"urlTemplate\":\"https:\\\/\\\/quatrecpa.com\\\/en\\\/?s={search_term_string}\"},\"query-input\":{\"@type\":\"PropertyValueSpecification\",\"valueRequired\":true,\"valueName\":\"search_term_string\"}}],\"inLanguage\":\"en-US\"},{\"@type\":\"Organization\",\"@id\":\"https:\\\/\\\/quatrecpa.com\\\/en\\\/#organization\",\"name\":\"Quatre CPA | Soci\u00e9t\u00e9 de comptables professionnels agr\u00e9\u00e9s\",\"url\":\"https:\\\/\\\/quatrecpa.com\\\/en\\\/\",\"logo\":{\"@type\":\"ImageObject\",\"inLanguage\":\"en-US\",\"@id\":\"https:\\\/\\\/quatrecpa.com\\\/en\\\/#\\\/schema\\\/logo\\\/image\\\/\",\"url\":\"https:\\\/\\\/quatrecpa.com\\\/wp-content\\\/uploads\\\/2017\\\/06\\\/quatrecpa_favicon.png\",\"contentUrl\":\"https:\\\/\\\/quatrecpa.com\\\/wp-content\\\/uploads\\\/2017\\\/06\\\/quatrecpa_favicon.png\",\"width\":160,\"height\":160,\"caption\":\"Quatre CPA | Soci\u00e9t\u00e9 de comptables professionnels agr\u00e9\u00e9s\"},\"image\":{\"@id\":\"https:\\\/\\\/quatrecpa.com\\\/en\\\/#\\\/schema\\\/logo\\\/image\\\/\"}}]}<\/script>\n<!-- \/ Yoast SEO plugin. -->","yoast_head_json":{"title":"Firm - 4CPA | Society of Professional Chartered Accountants | Gatineau","description":"The benchmark for certification services, accounting, tax and consulting services to SMB in the Gatineau - Ottawa region.","robots":{"index":"index","follow":"follow","max-snippet":"max-snippet:-1","max-image-preview":"max-image-preview:large","max-video-preview":"max-video-preview:-1"},"canonical":"https:\/\/quatrecpa.com\/en\/firm\/","og_locale":"en_US","og_type":"article","og_title":"Cabinet - 4CPA | Soci\u00e9t\u00e9 de comptables professionnels agr\u00e9\u00e9s | Gatineau","og_description":"La r\u00e9f\u00e9rence en mati\u00e8re de services de certification, de comptabilit\u00e9, de fiscalit\u00e9 et de services-conseils aupr\u00e8s des CPE de la r\u00e9gion de l'Outaouais.","og_url":"https:\/\/quatrecpa.com\/en\/firm\/","og_site_name":"Quatre CPA","article_modified_time":"2023-07-11T18:34:15+00:00","og_image":[{"width":1200,"height":630,"url":"https:\/\/quatrecpa.com\/wp-content\/uploads\/2017\/05\/quatre_cpa_media.jpg","type":"image\/jpeg"}],"twitter_card":"summary_large_image","twitter_misc":{"Est. reading time":"2 minutes"},"schema":{"@context":"https:\/\/schema.org","@graph":[{"@type":"WebPage","@id":"https:\/\/quatrecpa.com\/en\/firm\/","url":"https:\/\/quatrecpa.com\/en\/firm\/","name":"Firm - 4CPA | Society of Professional Chartered Accountants | Gatineau","isPartOf":{"@id":"https:\/\/quatrecpa.com\/en\/#website"},"datePublished":"2017-07-04T14:19:22+00:00","dateModified":"2023-07-11T18:34:15+00:00","description":"The benchmark for certification services, accounting, tax and consulting services to SMB in the Gatineau - Ottawa region.","breadcrumb":{"@id":"https:\/\/quatrecpa.com\/en\/firm\/#breadcrumb"},"inLanguage":"en-US","potentialAction":[{"@type":"ReadAction","target":["https:\/\/quatrecpa.com\/en\/firm\/"]}]},{"@type":"BreadcrumbList","@id":"https:\/\/quatrecpa.com\/en\/firm\/#breadcrumb","itemListElement":[{"@type":"ListItem","position":1,"name":"Home","item":"https:\/\/quatrecpa.com\/en\/"},{"@type":"ListItem","position":2,"name":"The Firm"}]},{"@type":"WebSite","@id":"https:\/\/quatrecpa.com\/en\/#website","url":"https:\/\/quatrecpa.com\/en\/","name":"Quatre CPA","description":"Soci\u00e9t\u00e9 de comptables professionnels agr\u00e9\u00e9s","publisher":{"@id":"https:\/\/quatrecpa.com\/en\/#organization"},"potentialAction":[{"@type":"SearchAction","target":{"@type":"EntryPoint","urlTemplate":"https:\/\/quatrecpa.com\/en\/?s={search_term_string}"},"query-input":{"@type":"PropertyValueSpecification","valueRequired":true,"valueName":"search_term_string"}}],"inLanguage":"en-US"},{"@type":"Organization","@id":"https:\/\/quatrecpa.com\/en\/#organization","name":"Quatre CPA | Soci\u00e9t\u00e9 de comptables professionnels agr\u00e9\u00e9s","url":"https:\/\/quatrecpa.com\/en\/","logo":{"@type":"ImageObject","inLanguage":"en-US","@id":"https:\/\/quatrecpa.com\/en\/#\/schema\/logo\/image\/","url":"https:\/\/quatrecpa.com\/wp-content\/uploads\/2017\/06\/quatrecpa_favicon.png","contentUrl":"https:\/\/quatrecpa.com\/wp-content\/uploads\/2017\/06\/quatrecpa_favicon.png","width":160,"height":160,"caption":"Quatre CPA | Soci\u00e9t\u00e9 de comptables professionnels agr\u00e9\u00e9s"},"image":{"@id":"https:\/\/quatrecpa.com\/en\/#\/schema\/logo\/image\/"}}]}},"_links":{"self":[{"href":"https:\/\/quatrecpa.com\/en\/wp-json\/wp\/v2\/pages\/590","targetHints":{"allow":["GET"]}}],"collection":[{"href":"https:\/\/quatrecpa.com\/en\/wp-json\/wp\/v2\/pages"}],"about":[{"href":"https:\/\/quatrecpa.com\/en\/wp-json\/wp\/v2\/types\/page"}],"author":[{"embeddable":true,"href":"https:\/\/quatrecpa.com\/en\/wp-json\/wp\/v2\/users\/1"}],"replies":[{"embeddable":true,"href":"https:\/\/quatrecpa.com\/en\/wp-json\/wp\/v2\/comments?post=590"}],"version-history":[{"count":9,"href":"https:\/\/quatrecpa.com\/en\/wp-json\/wp\/v2\/pages\/590\/revisions"}],"predecessor-version":[{"id":852,"href":"https:\/\/quatrecpa.com\/en\/wp-json\/wp\/v2\/pages\/590\/revisions\/852"}],"wp:attachment":[{"href":"https:\/\/quatrecpa.com\/en\/wp-json\/wp\/v2\/media?parent=590"}],"curies":[{"name":"wp","href":"https:\/\/api.w.org\/{rel}","templated":true}]}}