{"id":566,"date":"2017-05-23T22:57:38","date_gmt":"2017-05-24T02:57:38","guid":{"rendered":"https:\/\/quatrecpa.com\/accueil\/"},"modified":"2026-03-19T14:17:32","modified_gmt":"2026-03-19T18:17:32","slug":"accueil","status":"publish","type":"page","link":"https:\/\/quatrecpa.com\/en\/","title":{"rendered":"Home"},"content":{"rendered":"<p>[vc_row row_type=&#8221;parallax&#8221; parallax_content_width=&#8221;full_width&#8221; text_align=&#8221;left&#8221; background_image=&#8221;797&#8243; full_screen_section_height=&#8221;no&#8221; parallax_speed=&#8221;4&#8243;][vc_column width=&#8221;3\/4&#8243; css=&#8221;.vc_custom_1498142499081{padding-right: 8% !important;padding-left: 8% !important;}&#8221;][vc_separator type=&#8221;transparent&#8221; up=&#8221;100&#8243;][vc_column_text]<\/p>\n<h2>We are now with MNP!<\/h2>\n<p>&nbsp;<\/p>\n<p><a title=\"https:\/\/www.mnp.ca\/en\/offices\/gatineau-hotel-de-ville\" href=\"https:\/\/www.mnp.ca\/en\/offices\/gatineau-hotel-de-ville\" data-outlook-id=\"6aeec9a9-8150-4c62-a7aa-288a125d2a30\">Click here to find us on MNP\u2019s web site.<\/a>[\/vc_column_text][vc_separator type=&#8221;transparent&#8221; up=&#8221;25&#8243;][vc_row_inner row_type=&#8221;row&#8221; type=&#8221;full_width&#8221; text_align=&#8221;left&#8221; css_animation=&#8221;&#8221;][vc_column_inner width=&#8221;11\/12&#8243;][vc_column_text]<\/p>\n<p class=\"p1\"><span class=\"s1\"><span dir=\"auto\" style=\"vertical-align: inherit;\"><span dir=\"auto\" style=\"vertical-align: inherit;\">4CPA | Chartered Professional Accountant is a highly qualified team of Chartered Professional Accountants and tax specialists who combine many years of experience working with a diverse clientele of individuals and small and medium-sized businesses that operate in various areas of activities. Our firm offers a broad range of professional accounting services, such as insurance, financial accounting, taxation, advisory services and bookkeeping.<\/span><\/span><\/span><\/p>\n<p>[\/vc_column_text][\/vc_column_inner][vc_column_inner width=&#8221;1\/12&#8243;][\/vc_column_inner][\/vc_row_inner][vc_separator type=&#8221;transparent&#8221; up=&#8221;25&#8243;][vc_column_text]<\/p>\n<h1 class=\"colorfade\" style=\"text-align: left;\"><a href=\"http:\/\/quatrecpa.com\/en\/services#financialaccounting\">Assurance and Financial Accounting<\/a><\/h1>\n<p>[\/vc_column_text][vc_separator type=&#8221;transparent&#8221; up=&#8221;10&#8243;][vc_row_inner row_type=&#8221;row&#8221; type=&#8221;full_width&#8221; text_align=&#8221;left&#8221; css_animation=&#8221;&#8221;][vc_column_inner width=&#8221;2\/3&#8243;][vc_column_text]<\/p>\n<p class=\"p1\"><span class=\"s1\">Financial statements are a fundamental management and financial analysis tool for business leaders as they provide a true picture of the financial health of their business.<\/span><\/p>\n<p>[\/vc_column_text][\/vc_column_inner][vc_column_inner width=&#8221;1\/3&#8243;][\/vc_column_inner][\/vc_row_inner][vc_separator type=&#8221;transparent&#8221; up=&#8221;40&#8243;][vc_column_text]<\/p>\n<h1 class=\"colorfade\" style=\"text-align: left;\"><a href=\"http:\/\/quatrecpa.com\/en\/services#taxation\">Taxation<\/a><\/h1>\n<p>[\/vc_column_text][vc_separator type=&#8221;transparent&#8221; up=&#8221;10&#8243;][vc_row_inner row_type=&#8221;row&#8221; type=&#8221;full_width&#8221; text_align=&#8221;left&#8221; css_animation=&#8221;&#8221;][vc_column_inner width=&#8221;2\/3&#8243;][vc_column_text]<\/p>\n<p class=\"p1\"><span class=\"s1\">4CPA will ensure the fiscal compliance of your corporate and individual statements, represent you to governments in case of disputes and make sure that you benefit from the optimal tax structure.<\/span><\/p>\n<p>[\/vc_column_text][\/vc_column_inner][vc_column_inner width=&#8221;1\/3&#8243;][\/vc_column_inner][\/vc_row_inner][vc_separator type=&#8221;transparent&#8221; up=&#8221;40&#8243;][vc_column_text]<\/p>\n<h1 class=\"colorfade\" style=\"text-align: left;\"><a href=\"http:\/\/quatrecpa.com\/en\/services#advisoryservices\">Advisory Services<\/a><\/h1>\n<p>[\/vc_column_text][vc_separator type=&#8221;transparent&#8221; up=&#8221;10&#8243;][vc_row_inner row_type=&#8221;row&#8221; type=&#8221;full_width&#8221; text_align=&#8221;left&#8221; css_animation=&#8221;&#8221;][vc_column_inner width=&#8221;2\/3&#8243;][vc_column_text]<\/p>\n<p class=\"p1\"><span class=\"s1\">4CPA is strongly committed to your success. That&#8217;s why we will be a dedicated business partner by providing you with guidance, assistance and quality consulting services.<\/span><\/p>\n<p>[\/vc_column_text][\/vc_column_inner][vc_column_inner width=&#8221;1\/3&#8243;][\/vc_column_inner][\/vc_row_inner][vc_separator type=&#8221;transparent&#8221; up=&#8221;40&#8243;][\/vc_column][vc_column width=&#8221;1\/4&#8243; css=&#8221;.vc_custom_1498142510030{padding-right: 8% !important;padding-left: 8% !important;}&#8221;][\/vc_column][\/vc_row][vc_row row_type=&#8221;parallax&#8221; parallax_content_width=&#8221;full_width&#8221; text_align=&#8221;left&#8221; background_image=&#8221;916&#8243; full_screen_section_height=&#8221;no&#8221;][vc_column width=&#8221;1\/3&#8243; css=&#8221;.vc_custom_1498142499081{padding-right: 8% !important;padding-left: 8% !important;}&#8221;][\/vc_column][vc_column width=&#8221;2\/3&#8243; css=&#8221;.vc_custom_1498142510030{padding-right: 8% !important;padding-left: 8% !important;}&#8221;][vc_separator type=&#8221;transparent&#8221; up=&#8221;200&#8243;][vc_column_text]<\/p>\n<p style=\"text-align: left; color: white; font-size: 15px; line-height: 17px; font-weight: 600;\">Our mission<\/p>\n<p>[\/vc_column_text][vc_separator type=&#8221;transparent&#8221; up=&#8221;20&#8243;][vc_column_text]<\/p>\n<h1 style=\"text-align: left;\">Partnering with our clients to ensure their strategic growth and success.<\/h1>\n<p>[\/vc_column_text][vc_separator type=&#8221;transparent&#8221; up=&#8221;200&#8243;][\/vc_column][\/vc_row][vc_row css_animation=&#8221;&#8221; row_type=&#8221;row&#8221; use_row_as_full_screen_section=&#8221;no&#8221; type=&#8221;full_width&#8221; angled_section=&#8221;no&#8221; text_align=&#8221;left&#8221; background_image_as_pattern=&#8221;without_pattern&#8221;][vc_column width=&#8221;3\/4&#8243; css=&#8221;.vc_custom_1498142499081{padding-right: 8% !important;padding-left: 8% !important;}&#8221;][vc_separator type=&#8221;transparent&#8221; up=&#8221;100&#8243;][vc_row_inner row_type=&#8221;row&#8221; type=&#8221;full_width&#8221; text_align=&#8221;left&#8221; css_animation=&#8221;&#8221;][vc_column_inner width=&#8221;11\/12&#8243;][vc_column_text]<\/p>\n<h5 class=\"p1\"><span class=\"s1\">We provide a great number of services to our clients, including assurance, financial accounting, taxation, advisory services and bookkeeping.<\/span><\/h5>\n<p>[\/vc_column_text][\/vc_column_inner][vc_column_inner width=&#8221;1\/12&#8243;][\/vc_column_inner][\/vc_row_inner][\/vc_column][vc_column width=&#8221;1\/4&#8243; css=&#8221;.vc_custom_1498142510030{padding-right: 8% !important;padding-left: 8% !important;}&#8221;][\/vc_column][\/vc_row][vc_row css_animation=&#8221;&#8221; row_type=&#8221;row&#8221; use_row_as_full_screen_section=&#8221;no&#8221; type=&#8221;full_width&#8221; angled_section=&#8221;no&#8221; text_align=&#8221;center&#8221; background_image_as_pattern=&#8221;without_pattern&#8221;][vc_column][vc_row_inner row_type=&#8221;row&#8221; type=&#8221;full_width&#8221; text_align=&#8221;center&#8221; padding_top=&#8221;100&#8243; padding_bottom=&#8221;100&#8243; css_animation=&#8221;&#8221; css=&#8221;.vc_custom_1498143867287{padding-right: 5% !important;padding-left: 5% !important;}&#8221;][vc_column_inner width=&#8221;1\/2&#8243;]<div class='image_hover hovered' style='' data-transition-delay='5000'><div class='images_holder'><a itemprop='url' href='\/en\/firm' target='_self'><img itemprop='image' class='active_image ' src='https:\/\/quatrecpa.com\/wp-content\/uploads\/2023\/03\/Home_Box_Firme_EN.jpg' alt='' style='' \/><img itemprop='image' class='hover_image' src='https:\/\/quatrecpa.com\/wp-content\/uploads\/2023\/03\/Home_Box_Firme-Hover_EN.jpg' alt='' style='' \/><\/a><\/div><\/div>[vc_separator type=&#8221;transparent&#8221; up=&#8221;20&#8243;][\/vc_column_inner][vc_column_inner width=&#8221;1\/2&#8243;]<div class='image_hover hovered' style='' data-transition-delay='5000'><div class='images_holder'><a itemprop='url' href='\/en\/contact' target='_self'><img itemprop='image' class='active_image ' src='https:\/\/quatrecpa.com\/wp-content\/uploads\/2023\/03\/Home_Box_Contact_EN.jpg' alt='' style='' \/><img itemprop='image' class='hover_image' src='https:\/\/quatrecpa.com\/wp-content\/uploads\/2023\/03\/Home_Box_Contact-Hover_EN.jpg' alt='' style='' \/><\/a><\/div><\/div>[\/vc_column_inner][\/vc_row_inner][\/vc_column][\/vc_row][vc_row css_animation=&#8221;&#8221; row_type=&#8221;row&#8221; use_row_as_full_screen_section=&#8221;no&#8221; type=&#8221;full_width&#8221; angled_section=&#8221;no&#8221; text_align=&#8221;center&#8221; background_image_as_pattern=&#8221;without_pattern&#8221;][vc_column][vc_separator type=&#8221;normal&#8221; color=&#8221;#e8e8e8&#8243; transparency=&#8221;1&#8243; thickness=&#8221;1&#8243; up=&#8221;0&#8243; down=&#8221;0&#8243;][vc_column_text]<div id=\"wpgmza_map\" class=\"wpgmza_map\" data-settings='{\"id\":\"1\",\"map_title\":\"Quatre CPA\",\"map_width\":\"100\",\"map_height\":\"450\",\"map_start_lat\":\"45.42801205687402\",\"map_start_lng\":\"-75.71717439860699\",\"map_start_location\":\"45.428125,-75.72169500000001\",\"map_start_zoom\":\"16\",\"default_marker\":\"0\",\"type\":\"1\",\"alignment\":\"2\",\"directions_enabled\":\"1\",\"styling_enabled\":\"0\",\"styling_json\":\"\",\"active\":\"0\",\"kml\":\"\",\"bicycle\":\"0\",\"traffic\":\"0\",\"dbox\":\"1\",\"dbox_width\":\"100\",\"listmarkers\":\"0\",\"listmarkers_advanced\":\"0\",\"filterbycat\":\"0\",\"ugm_enabled\":\"0\",\"ugm_category_enabled\":\"0\",\"fusion\":\"\",\"map_width_type\":\"%\",\"map_height_type\":\"px\",\"mass_marker_support\":\"1\",\"ugm_access\":\"0\",\"order_markers_by\":\"0\",\"order_markers_choice\":\"0\",\"show_user_location\":\"0\",\"default_to\":\"\",\"other_settings\":{\"store_locator_enabled\":false,\"store_locator_distance\":false,\"store_locator_default_radius\":\"10\",\"store_locator_not_found_message\":\"\",\"store_locator_bounce\":1,\"store_locator_query_string\":\"\",\"store_locator_default_address\":\"\",\"wpgmza_store_locator_restrict\":\"\",\"store_locator_style\":\"legacy\",\"wpgmza_store_locator_radius_style\":\"legacy\",\"map_max_zoom\":\"1\",\"transport_layer\":false,\"wpgmza_show_points_of_interest\":0,\"action\":\"wpgmza_save_map\",\"redirect_to\":\"\\\/wp-admin\\\/admin-post.php\",\"map_id\":\"1\",\"http_referer\":\"\\\/wp-admin\\\/admin.php?page=wp-google-maps-menu&amp;action=edit&amp;map_id=1\",\"wpgmza_id\":\"1\",\"wpgmza_start_location\":\"45.42801205687402,-75.71717439860699\",\"wpgmza_start_zoom\":\"16\",\"wpgmza_theme_data\":\"[{\\\"featureType\\\": \\\"administrative\\\",\\\"elementType\\\": \\\"labels.text.fill\\\",\\\"stylers\\\": [{\\\"color\\\": \\\"#444444\\\"}]},{\\\"featureType\\\": \\\"landscape\\\",\\\"elementType\\\": \\\"all\\\",\\\"stylers\\\": [{\\\"color\\\": \\\"#f2f2f2\\\"}]},{\\\"featureType\\\": \\\"poi\\\",\\\"elementType\\\": \\\"all\\\",\\\"stylers\\\": [{\\\"visibility\\\": \\\"off\\\"}]},{\\\"featureType\\\": \\\"road\\\",\\\"elementType\\\": \\\"all\\\",\\\"stylers\\\": [{\\\"saturation\\\": -100},{\\\"lightness\\\": 45}]},{\\\"featureType\\\": \\\"road.highway\\\",\\\"elementType\\\": \\\"all\\\",\\\"stylers\\\": [{\\\"visibility\\\": \\\"simplified\\\"}]},{\\\"featureType\\\": \\\"road.arterial\\\",\\\"elementType\\\": \\\"labels.icon\\\",\\\"stylers\\\": [{\\\"visibility\\\": \\\"off\\\"}]},{\\\"featureType\\\": \\\"transit\\\",\\\"elementType\\\": \\\"all\\\",\\\"stylers\\\": [{\\\"visibility\\\": \\\"off\\\"}]},{\\\"featureType\\\": \\\"water\\\",\\\"elementType\\\": \\\"all\\\",\\\"stylers\\\": [{\\\"color\\\": \\\"#46bcec\\\"},{\\\"visibility\\\": \\\"on\\\"}]}]\",\"store_locator_search_area\":\"radial\",\"wpgmza_store_locator_default_radius\":\"10\",\"store_locator_auto_area_max_zoom\":\"\",\"wpgmza_store_locator_position\":true,\"store_locator_category\":false,\"wpgmza_store_locator_use_their_location\":false,\"wpgmza_store_locator_bounce\":false,\"wpgmza_sl_animation\":null,\"wpgmza_store_locator_hide_before_search\":false,\"store_locator_name_search\":false,\"store_locator_name_string\":\"\",\"sl_stroke_color\":\"\",\"sl_stroke_opacity\":\"\",\"sl_fill_color\":\"\",\"sl_fill_opacity\":\"\",\"wpgmza_map_align\":\"2\",\"jump_to_nearest_marker_on_initialization\":false,\"automatically_pan_to_users_location\":false,\"override_users_location_zoom_level\":false,\"override_users_location_zoom_levels\":\"\",\"show_distance_from_location\":false,\"map_min_zoom\":\"0\",\"click_open_link\":false,\"fit_maps_bounds_to_markers\":false,\"fit_maps_bounds_to_markers_after_filtering\":false,\"hide_point_of_interest\":false,\"wpgmza_zoom_on_marker_click\":false,\"wpgmza_zoom_on_marker_click_slider\":\"\",\"close_infowindow_on_map_click\":false,\"disable_lightbox_images\":false,\"use_Raw_Jpeg_Coordinates\":false,\"polygon_labels\":false,\"disable_polygon_info_windows\":false,\"enable_marker_ratings\":false,\"only_load_markers_within_viewport\":false,\"iw_primary_color\":\"\",\"iw_accent_color\":\"\",\"iw_text_color\":\"\",\"wpgmza_listmarkers_by\":\"0\",\"wpgmza_marker_listing_position\":false,\"wpgmza_push_in_map\":false,\"wpgmza_push_in_map_placement\":null,\"wpgmza_push_in_map_width\":\"\",\"wpgmza_push_in_map_height\":\"\",\"datatable_no_result_message\":\"\",\"remove_search_box_datables\":false,\"dataTable_pagination_style\":null,\"datatable_search_string\":\"\",\"datatable_result_start\":\"\",\"datatable_result_of\":\"\",\"datatable_result_to\":\"\",\"datatable_result_total\":\"\",\"datatable_result_show\":\"\",\"datatable_result_entries\":\"\",\"wpgmza_savemap\":\"Save Map \\u00bb\",\"wpgmza_theme\":\"1\"}}' data-map-id='1' Data-maps-engine='google-maps' data-shortcode-attributes='{\"id\":\"1\"}' style=\"display:block; overflow:auto; width:100%; height:450px; margin-left:auto !important; margin-right:auto; !important; align:center;\"><\/div>[\/vc_column_text][\/vc_column][\/vc_row]<\/p>\n","protected":false},"excerpt":{"rendered":"<p>[vc_row row_type=&#8221;parallax&#8221; parallax_content_width=&#8221;full_width&#8221; text_align=&#8221;left&#8221; background_image=&#8221;797&#8243; full_screen_section_height=&#8221;no&#8221; parallax_speed=&#8221;4&#8243;][vc_column width=&#8221;3\/4&#8243; css=&#8221;.vc_custom_1498142499081{padding-right: 8% !important;padding-left: 8% !important;}&#8221;][vc_separator type=&#8221;transparent&#8221; up=&#8221;100&#8243;][vc_column_text] We are now with MNP! &nbsp; Click here to find us on MNP\u2019s web site.[\/vc_column_text][vc_separator type=&#8221;transparent&#8221; up=&#8221;25&#8243;][vc_row_inner row_type=&#8221;row&#8221; type=&#8221;full_width&#8221; text_align=&#8221;left&#8221; css_animation=&#8221;&#8221;][vc_column_inner width=&#8221;11\/12&#8243;][vc_column_text] 4CPA | Chartered Professional Accountant is a highly&#8230;<\/p>\n","protected":false},"author":1,"featured_media":0,"parent":0,"menu_order":0,"comment_status":"closed","ping_status":"open","template":"full_width.php","meta":{"_exactmetrics_skip_tracking":false,"_exactmetrics_sitenote_active":false,"_exactmetrics_sitenote_note":"","_exactmetrics_sitenote_category":0,"footnotes":""},"class_list":["post-566","page","type-page","status-publish","hentry"],"yoast_head":"<!-- This site is optimized with the Yoast SEO plugin v27.5 - https:\/\/yoast.com\/product\/yoast-seo-wordpress\/ -->\n<title>4CPA | Society of Professional Chartered Accountants | Gatineau<\/title>\n<meta name=\"description\" content=\"The benchmark for certification services, accounting, tax and consulting services to SMB in the Gatineau - Ottawa region.\" \/>\n<meta name=\"robots\" content=\"index, follow, max-snippet:-1, max-image-preview:large, max-video-preview:-1\" \/>\n<link rel=\"canonical\" href=\"https:\/\/quatrecpa.com\/en\/\" \/>\n<meta property=\"og:locale\" content=\"en_US\" \/>\n<meta property=\"og:type\" content=\"article\" \/>\n<meta property=\"og:title\" content=\"4CPA | Soci\u00e9t\u00e9 de comptables professionnels agr\u00e9\u00e9s\" \/>\n<meta property=\"og:description\" content=\"Situ\u00e9 \u00e0 Gatineau, 4CPA | Comptable professionnel agr\u00e9\u00e9 offre des services de comptabilit\u00e9, fiscalit\u00e9, services-conseils et tenue de livre.\" \/>\n<meta property=\"og:url\" content=\"https:\/\/quatrecpa.com\/en\/\" \/>\n<meta property=\"og:site_name\" content=\"Quatre CPA\" \/>\n<meta property=\"article:modified_time\" content=\"2026-03-19T18:17:32+00:00\" \/>\n<meta property=\"og:image\" content=\"https:\/\/quatrecpa.com\/wp-content\/uploads\/2021\/01\/4cpa.jpg\" \/>\n\t<meta property=\"og:image:width\" content=\"1920\" \/>\n\t<meta property=\"og:image:height\" content=\"1086\" \/>\n\t<meta property=\"og:image:type\" content=\"image\/jpeg\" \/>\n<meta name=\"twitter:card\" content=\"summary_large_image\" \/>\n<meta name=\"twitter:label1\" content=\"Est. reading time\" \/>\n\t<meta name=\"twitter:data1\" content=\"4 minutes\" \/>\n<script type=\"application\/ld+json\" class=\"yoast-schema-graph\">{\"@context\":\"https:\\\/\\\/schema.org\",\"@graph\":[{\"@type\":\"WebPage\",\"@id\":\"https:\\\/\\\/quatrecpa.com\\\/en\\\/\",\"url\":\"https:\\\/\\\/quatrecpa.com\\\/en\\\/\",\"name\":\"4CPA | Society of Professional Chartered Accountants | Gatineau\",\"isPartOf\":{\"@id\":\"https:\\\/\\\/quatrecpa.com\\\/en\\\/#website\"},\"datePublished\":\"2017-05-24T02:57:38+00:00\",\"dateModified\":\"2026-03-19T18:17:32+00:00\",\"description\":\"The benchmark for certification services, accounting, tax and consulting services to SMB in the Gatineau - Ottawa region.\",\"breadcrumb\":{\"@id\":\"https:\\\/\\\/quatrecpa.com\\\/en\\\/#breadcrumb\"},\"inLanguage\":\"en-US\",\"potentialAction\":[{\"@type\":\"ReadAction\",\"target\":[\"https:\\\/\\\/quatrecpa.com\\\/en\\\/\"]}]},{\"@type\":\"BreadcrumbList\",\"@id\":\"https:\\\/\\\/quatrecpa.com\\\/en\\\/#breadcrumb\",\"itemListElement\":[{\"@type\":\"ListItem\",\"position\":1,\"name\":\"Home\",\"item\":\"https:\\\/\\\/quatrecpa.com\\\/en\\\/\"},{\"@type\":\"ListItem\",\"position\":2,\"name\":\"Home\"}]},{\"@type\":\"WebSite\",\"@id\":\"https:\\\/\\\/quatrecpa.com\\\/en\\\/#website\",\"url\":\"https:\\\/\\\/quatrecpa.com\\\/en\\\/\",\"name\":\"Quatre CPA\",\"description\":\"Soci\u00e9t\u00e9 de comptables professionnels agr\u00e9\u00e9s\",\"publisher\":{\"@id\":\"https:\\\/\\\/quatrecpa.com\\\/en\\\/#organization\"},\"potentialAction\":[{\"@type\":\"SearchAction\",\"target\":{\"@type\":\"EntryPoint\",\"urlTemplate\":\"https:\\\/\\\/quatrecpa.com\\\/en\\\/?s={search_term_string}\"},\"query-input\":{\"@type\":\"PropertyValueSpecification\",\"valueRequired\":true,\"valueName\":\"search_term_string\"}}],\"inLanguage\":\"en-US\"},{\"@type\":\"Organization\",\"@id\":\"https:\\\/\\\/quatrecpa.com\\\/en\\\/#organization\",\"name\":\"Quatre CPA | Soci\u00e9t\u00e9 de comptables professionnels agr\u00e9\u00e9s\",\"url\":\"https:\\\/\\\/quatrecpa.com\\\/en\\\/\",\"logo\":{\"@type\":\"ImageObject\",\"inLanguage\":\"en-US\",\"@id\":\"https:\\\/\\\/quatrecpa.com\\\/en\\\/#\\\/schema\\\/logo\\\/image\\\/\",\"url\":\"https:\\\/\\\/quatrecpa.com\\\/wp-content\\\/uploads\\\/2017\\\/06\\\/quatrecpa_favicon.png\",\"contentUrl\":\"https:\\\/\\\/quatrecpa.com\\\/wp-content\\\/uploads\\\/2017\\\/06\\\/quatrecpa_favicon.png\",\"width\":160,\"height\":160,\"caption\":\"Quatre CPA | Soci\u00e9t\u00e9 de comptables professionnels agr\u00e9\u00e9s\"},\"image\":{\"@id\":\"https:\\\/\\\/quatrecpa.com\\\/en\\\/#\\\/schema\\\/logo\\\/image\\\/\"}}]}<\/script>\n<!-- \/ Yoast SEO plugin. -->","yoast_head_json":{"title":"4CPA | Society of Professional Chartered Accountants | Gatineau","description":"The benchmark for certification services, accounting, tax and consulting services to SMB in the Gatineau - Ottawa region.","robots":{"index":"index","follow":"follow","max-snippet":"max-snippet:-1","max-image-preview":"max-image-preview:large","max-video-preview":"max-video-preview:-1"},"canonical":"https:\/\/quatrecpa.com\/en\/","og_locale":"en_US","og_type":"article","og_title":"4CPA | Soci\u00e9t\u00e9 de comptables professionnels agr\u00e9\u00e9s","og_description":"Situ\u00e9 \u00e0 Gatineau, 4CPA | Comptable professionnel agr\u00e9\u00e9 offre des services de comptabilit\u00e9, fiscalit\u00e9, services-conseils et tenue de livre.","og_url":"https:\/\/quatrecpa.com\/en\/","og_site_name":"Quatre CPA","article_modified_time":"2026-03-19T18:17:32+00:00","og_image":[{"width":1920,"height":1086,"url":"https:\/\/quatrecpa.com\/wp-content\/uploads\/2021\/01\/4cpa.jpg","type":"image\/jpeg"}],"twitter_card":"summary_large_image","twitter_misc":{"Est. reading time":"4 minutes"},"schema":{"@context":"https:\/\/schema.org","@graph":[{"@type":"WebPage","@id":"https:\/\/quatrecpa.com\/en\/","url":"https:\/\/quatrecpa.com\/en\/","name":"4CPA | Society of Professional Chartered Accountants | Gatineau","isPartOf":{"@id":"https:\/\/quatrecpa.com\/en\/#website"},"datePublished":"2017-05-24T02:57:38+00:00","dateModified":"2026-03-19T18:17:32+00:00","description":"The benchmark for certification services, accounting, tax and consulting services to SMB in the Gatineau - Ottawa region.","breadcrumb":{"@id":"https:\/\/quatrecpa.com\/en\/#breadcrumb"},"inLanguage":"en-US","potentialAction":[{"@type":"ReadAction","target":["https:\/\/quatrecpa.com\/en\/"]}]},{"@type":"BreadcrumbList","@id":"https:\/\/quatrecpa.com\/en\/#breadcrumb","itemListElement":[{"@type":"ListItem","position":1,"name":"Home","item":"https:\/\/quatrecpa.com\/en\/"},{"@type":"ListItem","position":2,"name":"Home"}]},{"@type":"WebSite","@id":"https:\/\/quatrecpa.com\/en\/#website","url":"https:\/\/quatrecpa.com\/en\/","name":"Quatre CPA","description":"Soci\u00e9t\u00e9 de comptables professionnels agr\u00e9\u00e9s","publisher":{"@id":"https:\/\/quatrecpa.com\/en\/#organization"},"potentialAction":[{"@type":"SearchAction","target":{"@type":"EntryPoint","urlTemplate":"https:\/\/quatrecpa.com\/en\/?s={search_term_string}"},"query-input":{"@type":"PropertyValueSpecification","valueRequired":true,"valueName":"search_term_string"}}],"inLanguage":"en-US"},{"@type":"Organization","@id":"https:\/\/quatrecpa.com\/en\/#organization","name":"Quatre CPA | Soci\u00e9t\u00e9 de comptables professionnels agr\u00e9\u00e9s","url":"https:\/\/quatrecpa.com\/en\/","logo":{"@type":"ImageObject","inLanguage":"en-US","@id":"https:\/\/quatrecpa.com\/en\/#\/schema\/logo\/image\/","url":"https:\/\/quatrecpa.com\/wp-content\/uploads\/2017\/06\/quatrecpa_favicon.png","contentUrl":"https:\/\/quatrecpa.com\/wp-content\/uploads\/2017\/06\/quatrecpa_favicon.png","width":160,"height":160,"caption":"Quatre CPA | Soci\u00e9t\u00e9 de comptables professionnels agr\u00e9\u00e9s"},"image":{"@id":"https:\/\/quatrecpa.com\/en\/#\/schema\/logo\/image\/"}}]}},"_links":{"self":[{"href":"https:\/\/quatrecpa.com\/en\/wp-json\/wp\/v2\/pages\/566","targetHints":{"allow":["GET"]}}],"collection":[{"href":"https:\/\/quatrecpa.com\/en\/wp-json\/wp\/v2\/pages"}],"about":[{"href":"https:\/\/quatrecpa.com\/en\/wp-json\/wp\/v2\/types\/page"}],"author":[{"embeddable":true,"href":"https:\/\/quatrecpa.com\/en\/wp-json\/wp\/v2\/users\/1"}],"replies":[{"embeddable":true,"href":"https:\/\/quatrecpa.com\/en\/wp-json\/wp\/v2\/comments?post=566"}],"version-history":[{"count":13,"href":"https:\/\/quatrecpa.com\/en\/wp-json\/wp\/v2\/pages\/566\/revisions"}],"predecessor-version":[{"id":928,"href":"https:\/\/quatrecpa.com\/en\/wp-json\/wp\/v2\/pages\/566\/revisions\/928"}],"wp:attachment":[{"href":"https:\/\/quatrecpa.com\/en\/wp-json\/wp\/v2\/media?parent=566"}],"curies":[{"name":"wp","href":"https:\/\/api.w.org\/{rel}","templated":true}]}}